{"id":695,"date":"2021-10-06T16:47:51","date_gmt":"2021-10-06T14:47:51","guid":{"rendered":"https:\/\/www.pharmefficare.com\/espace-pharmacien\/?post_type=product&#038;p=695"},"modified":"2021-10-07T10:24:20","modified_gmt":"2021-10-07T08:24:20","slug":"laisse-confort-fluo","status":"publish","type":"product","link":"https:\/\/www.pharmefficare.com\/espace-pharmacien\/produit\/laisse-confort-fluo\/","title":{"rendered":"Laisse confort rembour\u00e9e fluo"},"content":{"rendered":"<ul>\n<li>Marque : TRE PONTI<\/li>\n<li>Laisse avec poign\u00e9e rembourr\u00e9e<\/li>\n<li>Couture r\u00e9fl\u00e9chissante<\/li>\n<li>130 x 1,5 cm<\/li>\n<li><span style=\"color: #ff0000;\">Retrouvez le harnais assorties ci dessous !<\/span><\/li>\n<\/ul>\n","protected":false},"excerpt":{"rendered":"<p>Marque : TRE PONTI Laisse avec poign\u00e9e rembourr\u00e9e Couture r\u00e9fl\u00e9chissante 130 x 1,5 cm Retrouvez le harnais assorties ci dessous !<\/p>\n","protected":false},"featured_media":696,"template":"","meta":{"site-sidebar-layout":"default","site-content-layout":"default","ast-global-header-display":"","ast-main-header-display":"","ast-hfb-above-header-display":"","ast-hfb-below-header-display":"","ast-hfb-mobile-header-display":"","site-post-title":"","ast-breadcrumbs-content":"","ast-featured-img":"","footer-sml-layout":"","theme-transparent-header-meta":"","adv-header-id-meta":"","stick-header-meta":"","header-above-stick-meta":"","header-main-stick-meta":"","header-below-stick-meta":""},"product_cat":[39],"product_tag":[],"class_list":["post-695","product","type-product","status-publish","has-post-thumbnail","hentry","product_cat-accessoires-pour-chien"],"_links":{"self":[{"href":"https:\/\/www.pharmefficare.com\/espace-pharmacien\/wp-json\/wp\/v2\/product\/695","targetHints":{"allow":["GET"]}}],"collection":[{"href":"https:\/\/www.pharmefficare.com\/espace-pharmacien\/wp-json\/wp\/v2\/product"}],"about":[{"href":"https:\/\/www.pharmefficare.com\/espace-pharmacien\/wp-json\/wp\/v2\/types\/product"}],"wp:featuredmedia":[{"embeddable":true,"href":"https:\/\/www.pharmefficare.com\/espace-pharmacien\/wp-json\/wp\/v2\/media\/696"}],"wp:attachment":[{"href":"https:\/\/www.pharmefficare.com\/espace-pharmacien\/wp-json\/wp\/v2\/media?parent=695"}],"wp:term":[{"taxonomy":"product_cat","embeddable":true,"href":"https:\/\/www.pharmefficare.com\/espace-pharmacien\/wp-json\/wp\/v2\/product_cat?post=695"},{"taxonomy":"product_tag","embeddable":true,"href":"https:\/\/www.pharmefficare.com\/espace-pharmacien\/wp-json\/wp\/v2\/product_tag?post=695"}],"curies":[{"name":"wp","href":"https:\/\/api.w.org\/{rel}","templated":true}]}}