{"id":689,"date":"2021-10-06T16:45:46","date_gmt":"2021-10-06T14:45:46","guid":{"rendered":"https:\/\/www.pharmefficare.com\/espace-pharmacien\/?post_type=product&#038;p=689"},"modified":"2021-10-06T17:17:29","modified_gmt":"2021-10-06T15:17:29","slug":"harnais-confort-fluo-reglable","status":"publish","type":"product","link":"https:\/\/www.pharmefficare.com\/espace-pharmacien\/produit\/harnais-confort-fluo-reglable\/","title":{"rendered":"Harnais CONFORT FLUO r\u00e9glable"},"content":{"rendered":"<ul>\n<li>Marque: TRE PONTI<\/li>\n<li>Harnais confortable et facile \u00e0 mettre<\/li>\n<li>Coutures r\u00e9fl\u00e9chissantes<\/li>\n<li>Tour de ventre r\u00e9glable<\/li>\n<\/ul>\n","protected":false},"excerpt":{"rendered":"<p>Marque: TRE PONTI Harnais confortable et facile \u00e0 mettre Coutures r\u00e9fl\u00e9chissantes Tour de ventre r\u00e9glable<\/p>\n","protected":false},"featured_media":691,"template":"","meta":{"site-sidebar-layout":"default","site-content-layout":"default","ast-global-header-display":"","ast-main-header-display":"","ast-hfb-above-header-display":"","ast-hfb-below-header-display":"","ast-hfb-mobile-header-display":"","site-post-title":"","ast-breadcrumbs-content":"","ast-featured-img":"","footer-sml-layout":"","theme-transparent-header-meta":"","adv-header-id-meta":"","stick-header-meta":"","header-above-stick-meta":"","header-main-stick-meta":"","header-below-stick-meta":""},"product_cat":[39],"product_tag":[],"class_list":["post-689","product","type-product","status-publish","has-post-thumbnail","hentry","product_cat-accessoires-pour-chien"],"_links":{"self":[{"href":"https:\/\/www.pharmefficare.com\/espace-pharmacien\/wp-json\/wp\/v2\/product\/689","targetHints":{"allow":["GET"]}}],"collection":[{"href":"https:\/\/www.pharmefficare.com\/espace-pharmacien\/wp-json\/wp\/v2\/product"}],"about":[{"href":"https:\/\/www.pharmefficare.com\/espace-pharmacien\/wp-json\/wp\/v2\/types\/product"}],"wp:featuredmedia":[{"embeddable":true,"href":"https:\/\/www.pharmefficare.com\/espace-pharmacien\/wp-json\/wp\/v2\/media\/691"}],"wp:attachment":[{"href":"https:\/\/www.pharmefficare.com\/espace-pharmacien\/wp-json\/wp\/v2\/media?parent=689"}],"wp:term":[{"taxonomy":"product_cat","embeddable":true,"href":"https:\/\/www.pharmefficare.com\/espace-pharmacien\/wp-json\/wp\/v2\/product_cat?post=689"},{"taxonomy":"product_tag","embeddable":true,"href":"https:\/\/www.pharmefficare.com\/espace-pharmacien\/wp-json\/wp\/v2\/product_tag?post=689"}],"curies":[{"name":"wp","href":"https:\/\/api.w.org\/{rel}","templated":true}]}}