{"id":682,"date":"2021-10-06T16:29:00","date_gmt":"2021-10-06T14:29:00","guid":{"rendered":"https:\/\/www.pharmefficare.com\/espace-pharmacien\/?post_type=product&#038;p=682"},"modified":"2021-10-06T17:18:16","modified_gmt":"2021-10-06T15:18:16","slug":"collier-cuir-et-noeud-papillon","status":"publish","type":"product","link":"https:\/\/www.pharmefficare.com\/espace-pharmacien\/produit\/collier-cuir-et-noeud-papillon\/","title":{"rendered":"Collier cuir et noeud papillon"},"content":{"rendered":"<ul>\n<li>Joli collier en cuir couleurs\u00a0marron et bleu marine avec un n\u0153ud papillon bleu marine \u00e0 pois blancs d&rsquo;un c\u00f4t\u00e9 et blanc ray\u00e9 bleu marine de l&rsquo;autre.<\/li>\n<li><span style=\"color: #ff0000;\">Retrouvez les laisses assorties ci dessous!<\/span><\/li>\n<\/ul>\n","protected":false},"excerpt":{"rendered":"<p>Joli collier en cuir couleurs\u00a0marron et bleu marine avec un n\u0153ud papillon bleu marine \u00e0 pois blancs d&rsquo;un c\u00f4t\u00e9 et blanc ray\u00e9 bleu marine de l&rsquo;autre. Retrouvez les laisses assorties ci dessous!<\/p>\n","protected":false},"featured_media":686,"template":"","meta":{"site-sidebar-layout":"default","site-content-layout":"default","ast-global-header-display":"","ast-main-header-display":"","ast-hfb-above-header-display":"","ast-hfb-below-header-display":"","ast-hfb-mobile-header-display":"","site-post-title":"","ast-breadcrumbs-content":"","ast-featured-img":"","footer-sml-layout":"","theme-transparent-header-meta":"","adv-header-id-meta":"","stick-header-meta":"","header-above-stick-meta":"","header-main-stick-meta":"","header-below-stick-meta":""},"product_cat":[39],"product_tag":[],"class_list":["post-682","product","type-product","status-publish","has-post-thumbnail","hentry","product_cat-accessoires-pour-chien"],"_links":{"self":[{"href":"https:\/\/www.pharmefficare.com\/espace-pharmacien\/wp-json\/wp\/v2\/product\/682","targetHints":{"allow":["GET"]}}],"collection":[{"href":"https:\/\/www.pharmefficare.com\/espace-pharmacien\/wp-json\/wp\/v2\/product"}],"about":[{"href":"https:\/\/www.pharmefficare.com\/espace-pharmacien\/wp-json\/wp\/v2\/types\/product"}],"wp:featuredmedia":[{"embeddable":true,"href":"https:\/\/www.pharmefficare.com\/espace-pharmacien\/wp-json\/wp\/v2\/media\/686"}],"wp:attachment":[{"href":"https:\/\/www.pharmefficare.com\/espace-pharmacien\/wp-json\/wp\/v2\/media?parent=682"}],"wp:term":[{"taxonomy":"product_cat","embeddable":true,"href":"https:\/\/www.pharmefficare.com\/espace-pharmacien\/wp-json\/wp\/v2\/product_cat?post=682"},{"taxonomy":"product_tag","embeddable":true,"href":"https:\/\/www.pharmefficare.com\/espace-pharmacien\/wp-json\/wp\/v2\/product_tag?post=682"}],"curies":[{"name":"wp","href":"https:\/\/api.w.org\/{rel}","templated":true}]}}