{"id":5309,"date":"2022-07-27T14:26:15","date_gmt":"2022-07-27T12:26:15","guid":{"rendered":"https:\/\/www.pharmefficare.com\/espace-pharmacien\/?post_type=product&#038;p=5309"},"modified":"2022-07-27T14:26:16","modified_gmt":"2022-07-27T12:26:16","slug":"pure-cranberry","status":"publish","type":"product","link":"https:\/\/www.pharmefficare.com\/espace-pharmacien\/produit\/pure-cranberry\/","title":{"rendered":"Pure Cranberry"},"content":{"rendered":"<ul class=\"ul1\" data-sanitized-data-mce-fragment=\"1\">\n<li class=\"li1\" data-sanitized-data-mce-fragment=\"1\">Extrait de canneberge hautement concentr\u00e9.<\/li>\n<li class=\"li1\" data-sanitized-data-mce-fragment=\"1\">Principes actifs standardis\u00e9s, \u00e0 savoir les proanthocyanidines de type A (PAC de type A), pour une qualit\u00e9 fiable.<\/li>\n<li class=\"li1\" data-sanitized-data-mce-fragment=\"1\">Ingr\u00e9dient prouv\u00e9: des PAC de type A ont \u00e9t\u00e9 d\u00e9tect\u00e9s dans l\u2019urine des participants \u00e0 l\u2019\u00e9tude.<\/li>\n<li class=\"li1\" data-sanitized-data-mce-fragment=\"1\">Conseil 1: \u00e9vitez les v\u00eatements serr\u00e9s et portez des sous-v\u00eatements en coton.<\/li>\n<li class=\"li1\" data-sanitized-data-mce-fragment=\"1\">Conseil 2: \u00e9vitez d\u2019utiliser des produits d\u2019hygi\u00e8ne intime fortement parfum\u00e9s.<\/li>\n<li class=\"li1\" data-sanitized-data-mce-fragment=\"1\">1 comprim\u00e9\/jour<\/li>\n<li class=\"li1\" data-sanitized-data-mce-fragment=\"1\">60 comprim\u00e9s<\/li>\n<\/ul>\n<p>&nbsp;<\/p>\n<pre><em>* Convient aux v\u00e9g\u00e9tariens et v\u00e9ganistes.<\/em>\r\n<em>Sans lactose-, gluten-, et soja.D\u00e9conseill\u00e9 aux femmes enceintes, aux femmes allaitantes ou aux personnes sensibles \u00e0 la caf\u00e9ine.\r\nGarder hors de la port\u00e9e et la vue d\u2019enfants. \r\nLa quantit\u00e9 quotidienne recommand\u00e9e ne peut \u00eatre d\u00e9pass\u00e9e. \r\nUn compl\u00e9ment alimentaire\u00a0n\u2019est pas une substitution d\u2019une alimentation vari\u00e9e et \u00e9quilibr\u00e9e et d\u2019un style de vie sain.\r\nConserver dans un endroit sec et frais. \r\n\u00c0 conserver dans son emballage d\u2019origine.<\/em><\/pre>\n","protected":false},"excerpt":{"rendered":"<p>Extrait de canneberge hautement concentr\u00e9. Principes actifs standardis\u00e9s, \u00e0 savoir les proanthocyanidines de type A (PAC de type A), pour une qualit\u00e9 fiable. Ingr\u00e9dient prouv\u00e9: des PAC de type A ont \u00e9t\u00e9 d\u00e9tect\u00e9s dans l\u2019urine des participants \u00e0 l\u2019\u00e9tude. Conseil 1: \u00e9vitez les v\u00eatements serr\u00e9s et portez des sous-v\u00eatements en coton. Conseil 2: \u00e9vitez d\u2019utiliser &hellip;<\/p>\n<p class=\"read-more\"> <a class=\"\" href=\"https:\/\/www.pharmefficare.com\/espace-pharmacien\/produit\/pure-cranberry\/\"> <span class=\"screen-reader-text\">Pure Cranberry<\/span> Lire la suite\u00a0\u00bb<\/a><\/p>\n","protected":false},"featured_media":5310,"template":"","meta":{"site-sidebar-layout":"default","site-content-layout":"default","ast-global-header-display":"","ast-main-header-display":"","ast-hfb-above-header-display":"","ast-hfb-below-header-display":"","ast-hfb-mobile-header-display":"","site-post-title":"","ast-breadcrumbs-content":"","ast-featured-img":"","footer-sml-layout":"","theme-transparent-header-meta":"default","adv-header-id-meta":"","stick-header-meta":"","header-above-stick-meta":"","header-main-stick-meta":"","header-below-stick-meta":""},"product_cat":[183],"product_tag":[],"class_list":["post-5309","product","type-product","status-publish","has-post-thumbnail","hentry","product_cat-pour-la-femme-ou-lhomme"],"_links":{"self":[{"href":"https:\/\/www.pharmefficare.com\/espace-pharmacien\/wp-json\/wp\/v2\/product\/5309","targetHints":{"allow":["GET"]}}],"collection":[{"href":"https:\/\/www.pharmefficare.com\/espace-pharmacien\/wp-json\/wp\/v2\/product"}],"about":[{"href":"https:\/\/www.pharmefficare.com\/espace-pharmacien\/wp-json\/wp\/v2\/types\/product"}],"wp:featuredmedia":[{"embeddable":true,"href":"https:\/\/www.pharmefficare.com\/espace-pharmacien\/wp-json\/wp\/v2\/media\/5310"}],"wp:attachment":[{"href":"https:\/\/www.pharmefficare.com\/espace-pharmacien\/wp-json\/wp\/v2\/media?parent=5309"}],"wp:term":[{"taxonomy":"product_cat","embeddable":true,"href":"https:\/\/www.pharmefficare.com\/espace-pharmacien\/wp-json\/wp\/v2\/product_cat?post=5309"},{"taxonomy":"product_tag","embeddable":true,"href":"https:\/\/www.pharmefficare.com\/espace-pharmacien\/wp-json\/wp\/v2\/product_tag?post=5309"}],"curies":[{"name":"wp","href":"https:\/\/api.w.org\/{rel}","templated":true}]}}