{"id":5289,"date":"2022-07-26T11:33:04","date_gmt":"2022-07-26T09:33:04","guid":{"rendered":"https:\/\/www.pharmefficare.com\/espace-pharmacien\/?post_type=product&#038;p=5289"},"modified":"2022-07-26T11:33:04","modified_gmt":"2022-07-26T09:33:04","slug":"pure-magnesium","status":"publish","type":"product","link":"https:\/\/www.pharmefficare.com\/espace-pharmacien\/produit\/pure-magnesium\/","title":{"rendered":"Pure Magn\u00e9sium"},"content":{"rendered":"<p data-sanitized-data-mce-fragment=\"1\">Le magn\u00e9sium contribue aux contractions musculaires normales et aide \u00e0 garder les muscles en bonne sant\u00e9. Le magn\u00e9sium est \u00e9galement bon pour la transmission normale de l\u2019influx nerveux et aide \u00e0 maintenir le bon fonctionnement du syst\u00e8me nerveux. Le magn\u00e9sium favorise le maintien d\u2019os solides.<\/p>\n<ul data-sanitized-data-mce-fragment=\"1\">\n<li data-sanitized-data-mce-fragment=\"1\">Fortement dos\u00e9 avec 450 mg de magn\u00e9sium \u00e9l\u00e9mentaire par comprim\u00e9.<\/li>\n<li data-sanitized-data-mce-fragment=\"1\">1 comprim\u00e9\/jour<\/li>\n<li data-sanitized-data-mce-fragment=\"1\">30 comprim\u00e9s<\/li>\n<\/ul>\n<p>&nbsp;<\/p>\n<p>&nbsp;<\/p>\n<pre><em>* Convient aux v\u00e9g\u00e9tariens et v\u00e9ganistes.<\/em>\r\n<em>Sans lactose-, gluten-, et soja.D\u00e9conseill\u00e9 aux femmes enceintes, aux femmes allaitantes ou aux personnes sensibles \u00e0 la caf\u00e9ine.\r\nGarder hors de la port\u00e9e et la vue d\u2019enfants. \r\nLa quantit\u00e9 quotidienne recommand\u00e9e ne peut \u00eatre d\u00e9pass\u00e9e. \r\nUn compl\u00e9ment alimentaire\u00a0n\u2019est pas une substitution d\u2019une alimentation vari\u00e9e et \u00e9quilibr\u00e9e et d\u2019un style de vie sain.\r\nConserver dans un endroit sec et frais. \r\n\u00c0 conserver dans son emballage d\u2019origine.<\/em><\/pre>\n<p>&nbsp;<\/p>\n","protected":false},"excerpt":{"rendered":"<p>Le magn\u00e9sium contribue aux contractions musculaires normales et aide \u00e0 garder les muscles en bonne sant\u00e9. Le magn\u00e9sium est \u00e9galement bon pour la transmission normale de l\u2019influx nerveux et aide \u00e0 maintenir le bon fonctionnement du syst\u00e8me nerveux. Le magn\u00e9sium favorise le maintien d\u2019os solides. Fortement dos\u00e9 avec 450 mg de magn\u00e9sium \u00e9l\u00e9mentaire par comprim\u00e9. &hellip;<\/p>\n<p class=\"read-more\"> <a class=\"\" href=\"https:\/\/www.pharmefficare.com\/espace-pharmacien\/produit\/pure-magnesium\/\"> <span class=\"screen-reader-text\">Pure Magn\u00e9sium<\/span> Lire la suite\u00a0\u00bb<\/a><\/p>\n","protected":false},"featured_media":5290,"template":"","meta":{"site-sidebar-layout":"default","site-content-layout":"default","ast-global-header-display":"","ast-main-header-display":"","ast-hfb-above-header-display":"","ast-hfb-below-header-display":"","ast-hfb-mobile-header-display":"","site-post-title":"","ast-breadcrumbs-content":"","ast-featured-img":"","footer-sml-layout":"","theme-transparent-header-meta":"default","adv-header-id-meta":"","stick-header-meta":"","header-above-stick-meta":"","header-main-stick-meta":"","header-below-stick-meta":""},"product_cat":[178],"product_tag":[],"class_list":["post-5289","product","type-product","status-publish","has-post-thumbnail","hentry","product_cat-muscles-articulations-et-ossature"],"_links":{"self":[{"href":"https:\/\/www.pharmefficare.com\/espace-pharmacien\/wp-json\/wp\/v2\/product\/5289","targetHints":{"allow":["GET"]}}],"collection":[{"href":"https:\/\/www.pharmefficare.com\/espace-pharmacien\/wp-json\/wp\/v2\/product"}],"about":[{"href":"https:\/\/www.pharmefficare.com\/espace-pharmacien\/wp-json\/wp\/v2\/types\/product"}],"wp:featuredmedia":[{"embeddable":true,"href":"https:\/\/www.pharmefficare.com\/espace-pharmacien\/wp-json\/wp\/v2\/media\/5290"}],"wp:attachment":[{"href":"https:\/\/www.pharmefficare.com\/espace-pharmacien\/wp-json\/wp\/v2\/media?parent=5289"}],"wp:term":[{"taxonomy":"product_cat","embeddable":true,"href":"https:\/\/www.pharmefficare.com\/espace-pharmacien\/wp-json\/wp\/v2\/product_cat?post=5289"},{"taxonomy":"product_tag","embeddable":true,"href":"https:\/\/www.pharmefficare.com\/espace-pharmacien\/wp-json\/wp\/v2\/product_tag?post=5289"}],"curies":[{"name":"wp","href":"https:\/\/api.w.org\/{rel}","templated":true}]}}