{"id":5281,"date":"2022-07-26T11:10:30","date_gmt":"2022-07-26T09:10:30","guid":{"rendered":"https:\/\/www.pharmefficare.com\/espace-pharmacien\/?post_type=product&#038;p=5281"},"modified":"2022-07-26T11:10:30","modified_gmt":"2022-07-26T09:10:30","slug":"pure-ginseng","status":"publish","type":"product","link":"https:\/\/www.pharmefficare.com\/espace-pharmacien\/produit\/pure-ginseng\/","title":{"rendered":"Pure Ginseng"},"content":{"rendered":"<p data-sanitized-data-mce-fragment=\"1\">Le ginseng a une influence positive sur l\u2019\u00e9nergie physique et mentale, m\u00eame dans des situations stressantes.\u00a0Le ginseng favorise la concentration et la vigilance, et est bon pour la m\u00e9moire.<\/p>\n<ul class=\"ul1\" data-sanitized-data-mce-fragment=\"1\">\n<li class=\"li1\" data-sanitized-data-mce-fragment=\"1\">100% ginseng Panax (cor\u00e9en) pour l\u2019action physiologique la plus puissante, les gins\u00e9nosides \u00e9tant les principes actifs.<\/li>\n<li class=\"li1\" data-sanitized-data-mce-fragment=\"1\">1 comprim\u00e9\/jour (temporairement 2 comprim\u00e9s\/jour maximum)<\/li>\n<li class=\"li1\" data-sanitized-data-mce-fragment=\"1\">30 Capsules.<\/li>\n<\/ul>\n<pre><em>* Convient aux v\u00e9g\u00e9tariens et v\u00e9ganistes.<\/em>\r\n<em>Sans lactose-, gluten-, et soja.D\u00e9conseill\u00e9 aux femmes enceintes, aux femmes allaitantes ou aux personnes sensibles \u00e0 la caf\u00e9ine.\r\nGarder hors de la port\u00e9e et la vue d\u2019enfants. \r\nLa quantit\u00e9 quotidienne recommand\u00e9e ne peut \u00eatre d\u00e9pass\u00e9e. \r\nUn compl\u00e9ment alimentaire\u00a0n\u2019est pas une substitution d\u2019une alimentation vari\u00e9e et \u00e9quilibr\u00e9e et d\u2019un style de vie sain.\r\nConserver dans un endroit sec et frais. \r\n\u00c0 conserver dans son emballage d\u2019origine.<\/em><\/pre>\n","protected":false},"excerpt":{"rendered":"<p>Le ginseng a une influence positive sur l\u2019\u00e9nergie physique et mentale, m\u00eame dans des situations stressantes.\u00a0Le ginseng favorise la concentration et la vigilance, et est bon pour la m\u00e9moire. 100% ginseng Panax (cor\u00e9en) pour l\u2019action physiologique la plus puissante, les gins\u00e9nosides \u00e9tant les principes actifs. 1 comprim\u00e9\/jour (temporairement 2 comprim\u00e9s\/jour maximum) 30 Capsules. * Convient &hellip;<\/p>\n<p class=\"read-more\"> <a class=\"\" href=\"https:\/\/www.pharmefficare.com\/espace-pharmacien\/produit\/pure-ginseng\/\"> <span class=\"screen-reader-text\">Pure Ginseng<\/span> Lire la suite\u00a0\u00bb<\/a><\/p>\n","protected":false},"featured_media":5282,"template":"","meta":{"site-sidebar-layout":"default","site-content-layout":"default","ast-global-header-display":"","ast-main-header-display":"","ast-hfb-above-header-display":"","ast-hfb-below-header-display":"","ast-hfb-mobile-header-display":"","site-post-title":"","ast-breadcrumbs-content":"","ast-featured-img":"","footer-sml-layout":"","theme-transparent-header-meta":"default","adv-header-id-meta":"","stick-header-meta":"","header-above-stick-meta":"","header-main-stick-meta":"","header-below-stick-meta":""},"product_cat":[176],"product_tag":[],"class_list":["post-5281","product","type-product","status-publish","has-post-thumbnail","hentry","product_cat-energie"],"_links":{"self":[{"href":"https:\/\/www.pharmefficare.com\/espace-pharmacien\/wp-json\/wp\/v2\/product\/5281","targetHints":{"allow":["GET"]}}],"collection":[{"href":"https:\/\/www.pharmefficare.com\/espace-pharmacien\/wp-json\/wp\/v2\/product"}],"about":[{"href":"https:\/\/www.pharmefficare.com\/espace-pharmacien\/wp-json\/wp\/v2\/types\/product"}],"wp:featuredmedia":[{"embeddable":true,"href":"https:\/\/www.pharmefficare.com\/espace-pharmacien\/wp-json\/wp\/v2\/media\/5282"}],"wp:attachment":[{"href":"https:\/\/www.pharmefficare.com\/espace-pharmacien\/wp-json\/wp\/v2\/media?parent=5281"}],"wp:term":[{"taxonomy":"product_cat","embeddable":true,"href":"https:\/\/www.pharmefficare.com\/espace-pharmacien\/wp-json\/wp\/v2\/product_cat?post=5281"},{"taxonomy":"product_tag","embeddable":true,"href":"https:\/\/www.pharmefficare.com\/espace-pharmacien\/wp-json\/wp\/v2\/product_tag?post=5281"}],"curies":[{"name":"wp","href":"https:\/\/api.w.org\/{rel}","templated":true}]}}