{"id":5273,"date":"2022-07-26T10:17:56","date_gmt":"2022-07-26T08:17:56","guid":{"rendered":"https:\/\/www.pharmefficare.com\/espace-pharmacien\/?post_type=product&#038;p=5273"},"modified":"2022-07-26T10:17:56","modified_gmt":"2022-07-26T08:17:56","slug":"pure-cafeine","status":"publish","type":"product","link":"https:\/\/www.pharmefficare.com\/espace-pharmacien\/produit\/pure-cafeine\/","title":{"rendered":"Pure Caf\u00e9ine"},"content":{"rendered":"<ul class=\"ul1\">\n<li class=\"li1\">Caf\u00e9ine naturelle anhydre, la forme la plus pure de caf\u00e9ine.<\/li>\n<li class=\"li1\">Appr\u00e9ci\u00e9e des \u00e9tudiants et des athl\u00e8tes.<\/li>\n<li class=\"li1\">La caf\u00e9ine ne figure pas sur la liste internationale de dopage et peut \u00eatre utilis\u00e9e par les athl\u00e8tes.<\/li>\n<li class=\"li1\">1 comprim\u00e9\/jour, 1 heure avant l\u2019effort pr\u00e9vu<\/li>\n<li class=\"li1\">80 mg de caf\u00e9ine<\/li>\n<li class=\"li1\">30 comprim\u00e9s<\/li>\n<\/ul>\n<p class=\"p1\">Convient aux v\u00e9g\u00e9tariens et v\u00e9ganistes.<br \/>\nSans lactose-, gluten-, et soja.<br \/>\nD\u00e9conseill\u00e9 aux femmes enceintes, aux femmes allaitantes ou aux personnes sensibles \u00e0 la caf\u00e9ine.<\/p>\n<p>&nbsp;<\/p>\n<pre><em>* Convient aux v\u00e9g\u00e9tariens et v\u00e9ganistes.<\/em>\r\n<em>Sans lactose-, gluten-, et soja.D\u00e9conseill\u00e9 aux femmes enceintes, aux femmes allaitantes ou aux personnes sensibles \u00e0 la caf\u00e9ine.\r\nGarder hors de la port\u00e9e et la vue d\u2019enfants. \r\nLa quantit\u00e9 quotidienne recommand\u00e9e ne peut \u00eatre d\u00e9pass\u00e9e. \r\nUn compl\u00e9ment alimentaire\u00a0n\u2019est pas une substitution d\u2019une alimentation vari\u00e9e et \u00e9quilibr\u00e9e et d\u2019un style de vie sain.\r\nConserver dans un endroit sec et frais. \r\n\u00c0 conserver dans son emballage d\u2019origine.<\/em><\/pre>\n","protected":false},"excerpt":{"rendered":"<p>Caf\u00e9ine naturelle anhydre, la forme la plus pure de caf\u00e9ine. Appr\u00e9ci\u00e9e des \u00e9tudiants et des athl\u00e8tes. La caf\u00e9ine ne figure pas sur la liste internationale de dopage et peut \u00eatre utilis\u00e9e par les athl\u00e8tes. 1 comprim\u00e9\/jour, 1 heure avant l\u2019effort pr\u00e9vu 80 mg de caf\u00e9ine 30 comprim\u00e9s Convient aux v\u00e9g\u00e9tariens et v\u00e9ganistes. Sans lactose-, gluten-, &hellip;<\/p>\n<p class=\"read-more\"> <a class=\"\" href=\"https:\/\/www.pharmefficare.com\/espace-pharmacien\/produit\/pure-cafeine\/\"> <span class=\"screen-reader-text\">Pure Caf\u00e9ine<\/span> Lire la suite\u00a0\u00bb<\/a><\/p>\n","protected":false},"featured_media":5274,"template":"","meta":{"site-sidebar-layout":"default","site-content-layout":"default","ast-global-header-display":"","ast-main-header-display":"","ast-hfb-above-header-display":"","ast-hfb-below-header-display":"","ast-hfb-mobile-header-display":"","site-post-title":"","ast-breadcrumbs-content":"","ast-featured-img":"","footer-sml-layout":"","theme-transparent-header-meta":"default","adv-header-id-meta":"","stick-header-meta":"","header-above-stick-meta":"","header-main-stick-meta":"","header-below-stick-meta":""},"product_cat":[176],"product_tag":[],"class_list":["post-5273","product","type-product","status-publish","has-post-thumbnail","hentry","product_cat-energie"],"_links":{"self":[{"href":"https:\/\/www.pharmefficare.com\/espace-pharmacien\/wp-json\/wp\/v2\/product\/5273","targetHints":{"allow":["GET"]}}],"collection":[{"href":"https:\/\/www.pharmefficare.com\/espace-pharmacien\/wp-json\/wp\/v2\/product"}],"about":[{"href":"https:\/\/www.pharmefficare.com\/espace-pharmacien\/wp-json\/wp\/v2\/types\/product"}],"wp:featuredmedia":[{"embeddable":true,"href":"https:\/\/www.pharmefficare.com\/espace-pharmacien\/wp-json\/wp\/v2\/media\/5274"}],"wp:attachment":[{"href":"https:\/\/www.pharmefficare.com\/espace-pharmacien\/wp-json\/wp\/v2\/media?parent=5273"}],"wp:term":[{"taxonomy":"product_cat","embeddable":true,"href":"https:\/\/www.pharmefficare.com\/espace-pharmacien\/wp-json\/wp\/v2\/product_cat?post=5273"},{"taxonomy":"product_tag","embeddable":true,"href":"https:\/\/www.pharmefficare.com\/espace-pharmacien\/wp-json\/wp\/v2\/product_tag?post=5273"}],"curies":[{"name":"wp","href":"https:\/\/api.w.org\/{rel}","templated":true}]}}