{"id":5247,"date":"2022-07-20T15:31:12","date_gmt":"2022-07-20T13:31:12","guid":{"rendered":"https:\/\/www.pharmefficare.com\/espace-pharmacien\/?post_type=product&#038;p=5247"},"modified":"2022-07-20T15:35:29","modified_gmt":"2022-07-20T13:35:29","slug":"pure-c-forte","status":"publish","type":"product","link":"https:\/\/www.pharmefficare.com\/espace-pharmacien\/produit\/pure-c-forte\/","title":{"rendered":"Pure C Forte"},"content":{"rendered":"<div class=\"page\" title=\"Page 3\" data-sanitized-data-mce-fragment=\"1\">\n<div class=\"section\" data-sanitized-data-mce-fragment=\"1\">\n<div class=\"layoutArea\" data-sanitized-data-mce-fragment=\"1\">\n<div class=\"column\" data-sanitized-data-mce-fragment=\"1\">\n<p data-sanitized-data-mce-fragment=\"1\">La vitamine C favorise la fonction normale du syst\u00e8me nerveux. La vitamine C joue un r\u00f4le dans la production normale de collag\u00e8ne pour veiller \u00e0 la bonne fonction de la peau, du cartilage, des os et des vaisseaux sanguins. La vitamine C est un puissant antioxydant qui contribue \u00e0 prot\u00e9ger les cellules du stress oxydatif (rayons UV, pollution de l\u2019air) en tant qu\u2019agent cosm\u00e9tique interne, elle r\u00e9duit les signes visibles du vieillissement. La vitamine C facilite \u00e9galement l\u2019absorption du fer et contribue \u00e0 la r\u00e9g\u00e9n\u00e9ration de la forme active de la vitamine E. La vitamine C soutient le fonctionnement normal du syst\u00e8me immunitaire et contribue ainsi \u00e0 une bonne r\u00e9sistance.<\/p>\n<\/div>\n<\/div>\n<\/div>\n<\/div>\n<ul data-sanitized-data-mce-fragment=\"1\">\n<li class=\"li1\" data-sanitized-data-mce-fragment=\"1\">Dose \u00e9lev\u00e9e de vitamine C: 1 gramme par comprim\u00e9.<\/li>\n<li class=\"li1\" data-sanitized-data-mce-fragment=\"1\">Vitamine C hautement absorbable gr\u00e2ce \u00e0 l\u2019ajout de bioflavono\u00efdes.<\/li>\n<li class=\"li1\" data-sanitized-data-mce-fragment=\"1\">\u00c0 doses plus \u00e9lev\u00e9es (au moins 200 mg suppl\u00e9mentaires par jour), la vitamine C aide \u00e0 maintenir le bon fonctionnement du syst\u00e8me immunitaire pendant et apr\u00e8s un effort physique intense.<\/li>\n<li class=\"li1\" data-sanitized-data-mce-fragment=\"1\">1 comprim\u00e9\/jour<\/li>\n<li class=\"li1\" data-sanitized-data-mce-fragment=\"1\"><span class=\"s1\">45 <\/span>comprim\u00e9s<\/li>\n<\/ul>\n<p>&nbsp;<\/p>\n<pre><em>* Convient aux v\u00e9g\u00e9tariens et v\u00e9ganistes.<\/em>\r\n<em>Sans lactose-, gluten-, et soja.D\u00e9conseill\u00e9 aux femmes enceintes, aux femmes allaitantes ou aux personnes sensibles \u00e0 la caf\u00e9ine.\r\nGarder hors de la port\u00e9e et la vue d\u2019enfants. \r\nLa quantit\u00e9 quotidienne recommand\u00e9e ne peut \u00eatre d\u00e9pass\u00e9e. \r\nUn compl\u00e9ment alimentaire\u00a0n\u2019est pas une substitution d\u2019une alimentation vari\u00e9e et \u00e9quilibr\u00e9e et d\u2019un style de vie sain.\r\nConserver dans un endroit sec et frais. \r\n\u00c0 conserver dans son emballage d\u2019origine.<\/em><\/pre>\n<p>&nbsp;<\/p>\n","protected":false},"excerpt":{"rendered":"<p>La vitamine C favorise la fonction normale du syst\u00e8me nerveux. La vitamine C joue un r\u00f4le dans la production normale de collag\u00e8ne pour veiller \u00e0 la bonne fonction de la peau, du cartilage, des os et des vaisseaux sanguins. La vitamine C est un puissant antioxydant qui contribue \u00e0 prot\u00e9ger les cellules du stress oxydatif &hellip;<\/p>\n<p class=\"read-more\"> <a class=\"\" href=\"https:\/\/www.pharmefficare.com\/espace-pharmacien\/produit\/pure-c-forte\/\"> <span class=\"screen-reader-text\">Pure C Forte<\/span> Lire la suite\u00a0\u00bb<\/a><\/p>\n","protected":false},"featured_media":5248,"template":"","meta":{"site-sidebar-layout":"default","site-content-layout":"default","ast-global-header-display":"","ast-main-header-display":"","ast-hfb-above-header-display":"","ast-hfb-below-header-display":"","ast-hfb-mobile-header-display":"","site-post-title":"","ast-breadcrumbs-content":"","ast-featured-img":"","footer-sml-layout":"","theme-transparent-header-meta":"default","adv-header-id-meta":"","stick-header-meta":"","header-above-stick-meta":"","header-main-stick-meta":"","header-below-stick-meta":""},"product_cat":[180,178,182],"product_tag":[],"class_list":["post-5247","product","type-product","status-publish","has-post-thumbnail","hentry","product_cat-coeur-et-vaisseaux-sanguins","product_cat-muscles-articulations-et-ossature","product_cat-systeme-nerveux-et-peau"],"_links":{"self":[{"href":"https:\/\/www.pharmefficare.com\/espace-pharmacien\/wp-json\/wp\/v2\/product\/5247","targetHints":{"allow":["GET"]}}],"collection":[{"href":"https:\/\/www.pharmefficare.com\/espace-pharmacien\/wp-json\/wp\/v2\/product"}],"about":[{"href":"https:\/\/www.pharmefficare.com\/espace-pharmacien\/wp-json\/wp\/v2\/types\/product"}],"wp:featuredmedia":[{"embeddable":true,"href":"https:\/\/www.pharmefficare.com\/espace-pharmacien\/wp-json\/wp\/v2\/media\/5248"}],"wp:attachment":[{"href":"https:\/\/www.pharmefficare.com\/espace-pharmacien\/wp-json\/wp\/v2\/media?parent=5247"}],"wp:term":[{"taxonomy":"product_cat","embeddable":true,"href":"https:\/\/www.pharmefficare.com\/espace-pharmacien\/wp-json\/wp\/v2\/product_cat?post=5247"},{"taxonomy":"product_tag","embeddable":true,"href":"https:\/\/www.pharmefficare.com\/espace-pharmacien\/wp-json\/wp\/v2\/product_tag?post=5247"}],"curies":[{"name":"wp","href":"https:\/\/api.w.org\/{rel}","templated":true}]}}