{"id":5245,"date":"2022-07-20T14:42:02","date_gmt":"2022-07-20T12:42:02","guid":{"rendered":"https:\/\/www.pharmefficare.com\/espace-pharmacien\/?post_type=product&#038;p=5245"},"modified":"2022-07-20T14:42:03","modified_gmt":"2022-07-20T12:42:03","slug":"pure-c","status":"publish","type":"product","link":"https:\/\/www.pharmefficare.com\/espace-pharmacien\/produit\/pure-c\/","title":{"rendered":"Pure C"},"content":{"rendered":"<p class=\"p1\" data-sanitized-data-mce-fragment=\"1\">La vitamine C joue un r\u00f4le dans la production normale de collag\u00e8ne pour maintenir une bonne fonction de la peau, du cartilage, des os et des vaisseaux sanguins. La vitamine C est un antioxydant puissant qui aide \u00e0 prot\u00e9ger toutes les cellules du corps contre le stress oxydatif tel que les influences ext\u00e9rieures (rayons UV, pollution de l\u2019air). La vitamine C soutient le fonctionnement normal du syst\u00e8me nerveux.<\/p>\n<div class=\"page\" title=\"Page 1\">\n<div class=\"layoutArea\">\n<div class=\"column\">\n<ul>\n<li>Comprim\u00e9 \u00e0 sucer au d\u00e9licieux go\u00fbt d\u2019orange (peut \u00eatre m\u00e2ch\u00e9).<\/li>\n<li>La vitamine C contribue au bon fonctionnement du syst\u00e8me immunitaire et ainsi \u00e0 une bonne r\u00e9sistance.<\/li>\n<li>Avec une prise quotidienne d\u2019au moins 200 mg (en plus des 80 mg recommand\u00e9s), la vitamine C joue un r\u00f4le dans le maintien du fonctionnement normal du syst\u00e8me immunitaire chez les sportifs, pendant et apr\u00e8s un entra\u00eenement intensif.<\/li>\n<li>La vitamine C augmente \u00e9galement l\u2019absorption du fer et contribue \u00e0 la r\u00e9g\u00e9n\u00e9ration de la forme active de la vitamine E.<\/li>\n<li>1-2 comprim\u00e9s\/jour (go\u00fbt orange agr\u00e9able)<\/li>\n<li>36 comprim\u00e9s \u00e0 sucer<\/li>\n<\/ul>\n<pre><em>* Convient aux v\u00e9g\u00e9tariens et v\u00e9ganistes.<\/em>\r\n<em>Sans lactose-, gluten-, et soja.D\u00e9conseill\u00e9 aux femmes enceintes, aux femmes allaitantes ou aux personnes sensibles \u00e0 la caf\u00e9ine.\r\nGarder hors de la port\u00e9e et la vue d\u2019enfants. \r\nLa quantit\u00e9 quotidienne recommand\u00e9e ne peut \u00eatre d\u00e9pass\u00e9e. \r\nUn compl\u00e9ment alimentaire\u00a0n\u2019est pas une substitution d\u2019une alimentation vari\u00e9e et \u00e9quilibr\u00e9e et d\u2019un style de vie sain.\r\nConserver dans un endroit sec et frais. \r\n\u00c0 conserver dans son emballage d\u2019origine.<\/em><\/pre>\n<\/div>\n<\/div>\n<\/div>\n","protected":false},"excerpt":{"rendered":"<p>La vitamine C joue un r\u00f4le dans la production normale de collag\u00e8ne pour maintenir une bonne fonction de la peau, du cartilage, des os et des vaisseaux sanguins. La vitamine C est un antioxydant puissant qui aide \u00e0 prot\u00e9ger toutes les cellules du corps contre le stress oxydatif tel que les influences ext\u00e9rieures (rayons UV, &hellip;<\/p>\n<p class=\"read-more\"> <a class=\"\" href=\"https:\/\/www.pharmefficare.com\/espace-pharmacien\/produit\/pure-c\/\"> <span class=\"screen-reader-text\">Pure C<\/span> Lire la suite\u00a0\u00bb<\/a><\/p>\n","protected":false},"featured_media":5246,"template":"","meta":{"site-sidebar-layout":"default","site-content-layout":"default","ast-global-header-display":"","ast-main-header-display":"","ast-hfb-above-header-display":"","ast-hfb-below-header-display":"","ast-hfb-mobile-header-display":"","site-post-title":"","ast-breadcrumbs-content":"","ast-featured-img":"","footer-sml-layout":"","theme-transparent-header-meta":"default","adv-header-id-meta":"","stick-header-meta":"","header-above-stick-meta":"","header-main-stick-meta":"","header-below-stick-meta":""},"product_cat":[180,177],"product_tag":[],"class_list":["post-5245","product","type-product","status-publish","has-post-thumbnail","hentry","product_cat-coeur-et-vaisseaux-sanguins","product_cat-immunite"],"_links":{"self":[{"href":"https:\/\/www.pharmefficare.com\/espace-pharmacien\/wp-json\/wp\/v2\/product\/5245","targetHints":{"allow":["GET"]}}],"collection":[{"href":"https:\/\/www.pharmefficare.com\/espace-pharmacien\/wp-json\/wp\/v2\/product"}],"about":[{"href":"https:\/\/www.pharmefficare.com\/espace-pharmacien\/wp-json\/wp\/v2\/types\/product"}],"wp:featuredmedia":[{"embeddable":true,"href":"https:\/\/www.pharmefficare.com\/espace-pharmacien\/wp-json\/wp\/v2\/media\/5246"}],"wp:attachment":[{"href":"https:\/\/www.pharmefficare.com\/espace-pharmacien\/wp-json\/wp\/v2\/media?parent=5245"}],"wp:term":[{"taxonomy":"product_cat","embeddable":true,"href":"https:\/\/www.pharmefficare.com\/espace-pharmacien\/wp-json\/wp\/v2\/product_cat?post=5245"},{"taxonomy":"product_tag","embeddable":true,"href":"https:\/\/www.pharmefficare.com\/espace-pharmacien\/wp-json\/wp\/v2\/product_tag?post=5245"}],"curies":[{"name":"wp","href":"https:\/\/api.w.org\/{rel}","templated":true}]}}