{"id":5208,"date":"2022-07-13T17:11:04","date_gmt":"2022-07-13T15:11:04","guid":{"rendered":"https:\/\/www.pharmefficare.com\/espace-pharmacien\/?post_type=product&#038;p=5208"},"modified":"2022-07-13T17:11:05","modified_gmt":"2022-07-13T15:11:05","slug":"gel-purifiant-nettoyant","status":"publish","type":"product","link":"https:\/\/www.pharmefficare.com\/espace-pharmacien\/produit\/gel-purifiant-nettoyant\/","title":{"rendered":"Gel Purifiant Nettoyant"},"content":{"rendered":"<ul>\n<li>Un gel nettoyant, \u00e0 base d\u2019eau thermale du Mont Blanc, pour <strong>une peau purifi\u00e9e<\/strong>.<\/li>\n<li>Ce nettoyant purifiant<strong> d\u00e9maquille et corrige visiblement les imperfections<\/strong> du visage, sans dess\u00e9cher.<\/li>\n<li>Sa formule, \u00e0 67 % d\u2019eau thermale r\u00e9paratrice, associe l\u2019\u00e9pilobe matifiante \u00e0 un complexe purifiant. <strong>La peau est propre, nette, sans tirailler.<\/strong><\/li>\n<li>Le gel nettoyant \u00e0 l\u2019eau thermale <strong>purifie sans dess\u00e9cher la peau<\/strong>. Sans savon, il favorise l\u2019\u00e9limination des cellules mortes et des impuret\u00e9s. Il r\u00e9duit l\u2019exc\u00e8s de s\u00e9bum.\n<p><strong>R\u00e9sultat :<\/strong> Peau nette, fraiche, matifi\u00e9e.<\/p>\n<p>S\u2019utilise avec un peu d\u2019eau ti\u00e8de pour laver et d\u00e9maquiller le visage et le cou. A utiliser en compl\u00e9ment du Soin Matifiant Anti-Imperfections.<\/li>\n<li>Formul\u00e9 pour les <span class=\"text-white\">peaux sensibles<\/span>, le Gel Purifiant Nettoyant prend soin de toutes les <strong>peaux mixtes \u00e0 grasses \u00e0 tendance acn\u00e9ique<\/strong>.\n<p>Sur le visage, sa<span class=\"text-white\"> texture rafra\u00eechissante<\/span> se transforme en <strong>mousse fine au contact de l\u2019eau<\/strong> et se rince facilement.<\/li>\n<\/ul>\n<p class=\"single-product-format text-theme\">Format : Flacon 200ml<\/p>\n<p><strong>Ingr\u00e9dients :\u00a0<\/strong>AQUA \/ WATER DECYL GLUCOSIDE GLYCERIN CETEARETH-60 MYRISTYL GLYCOL SODIUM COCOAMPHOACETATE PEG-40 HYDROGENATED CASTOR OIL CITRIC ACID ZINC GLUCONATE SODIUM BENZOATE SODIUM HYDROXIDE SODIUM CHLORIDE SALICYLIC ACID EPILOBIUM FLEISCHERI FLOWER\/LEAF\/STEM EXTRACT POTASSIUM SORBATE PARFUM \/ FRAGRANCE<\/p>\n","protected":false},"excerpt":{"rendered":"<p>Un gel nettoyant, \u00e0 base d\u2019eau thermale du Mont Blanc, pour une peau purifi\u00e9e. Ce nettoyant purifiant d\u00e9maquille et corrige visiblement les imperfections du visage, sans dess\u00e9cher. Sa formule, \u00e0 67 % d\u2019eau thermale r\u00e9paratrice, associe l\u2019\u00e9pilobe matifiante \u00e0 un complexe purifiant. La peau est propre, nette, sans tirailler. Le gel nettoyant \u00e0 l\u2019eau thermale &hellip;<\/p>\n<p class=\"read-more\"> <a class=\"\" href=\"https:\/\/www.pharmefficare.com\/espace-pharmacien\/produit\/gel-purifiant-nettoyant\/\"> <span class=\"screen-reader-text\">Gel Purifiant Nettoyant<\/span> Lire la suite\u00a0\u00bb<\/a><\/p>\n","protected":false},"featured_media":5209,"template":"","meta":{"site-sidebar-layout":"default","site-content-layout":"default","ast-global-header-display":"","ast-main-header-display":"","ast-hfb-above-header-display":"","ast-hfb-below-header-display":"","ast-hfb-mobile-header-display":"","site-post-title":"","ast-breadcrumbs-content":"","ast-featured-img":"","footer-sml-layout":"","theme-transparent-header-meta":"default","adv-header-id-meta":"","stick-header-meta":"","header-above-stick-meta":"","header-main-stick-meta":"","header-below-stick-meta":""},"product_cat":[174],"product_tag":[],"class_list":["post-5208","product","type-product","status-publish","has-post-thumbnail","hentry","product_cat-anti-imperfections"],"_links":{"self":[{"href":"https:\/\/www.pharmefficare.com\/espace-pharmacien\/wp-json\/wp\/v2\/product\/5208","targetHints":{"allow":["GET"]}}],"collection":[{"href":"https:\/\/www.pharmefficare.com\/espace-pharmacien\/wp-json\/wp\/v2\/product"}],"about":[{"href":"https:\/\/www.pharmefficare.com\/espace-pharmacien\/wp-json\/wp\/v2\/types\/product"}],"wp:featuredmedia":[{"embeddable":true,"href":"https:\/\/www.pharmefficare.com\/espace-pharmacien\/wp-json\/wp\/v2\/media\/5209"}],"wp:attachment":[{"href":"https:\/\/www.pharmefficare.com\/espace-pharmacien\/wp-json\/wp\/v2\/media?parent=5208"}],"wp:term":[{"taxonomy":"product_cat","embeddable":true,"href":"https:\/\/www.pharmefficare.com\/espace-pharmacien\/wp-json\/wp\/v2\/product_cat?post=5208"},{"taxonomy":"product_tag","embeddable":true,"href":"https:\/\/www.pharmefficare.com\/espace-pharmacien\/wp-json\/wp\/v2\/product_tag?post=5208"}],"curies":[{"name":"wp","href":"https:\/\/api.w.org\/{rel}","templated":true}]}}