{"id":5205,"date":"2022-07-13T17:04:04","date_gmt":"2022-07-13T15:04:04","guid":{"rendered":"https:\/\/www.pharmefficare.com\/espace-pharmacien\/?post_type=product&#038;p=5205"},"modified":"2022-07-13T17:04:04","modified_gmt":"2022-07-13T15:04:04","slug":"soin-matifiant-anti-imperfections","status":"publish","type":"product","link":"https:\/\/www.pharmefficare.com\/espace-pharmacien\/produit\/soin-matifiant-anti-imperfections\/","title":{"rendered":"Soin Matifiant Anti-Imperfections"},"content":{"rendered":"<ul>\n<li>Une cr\u00e8me matifiante, \u00e0 base d\u2019eau thermale du Mont Blanc, pour une peau assainie et moins brillante.<\/li>\n<li>Ce soin anti-imperfections visage <strong>resserre les pores, hydrate et matifie<\/strong> imm\u00e9diatement la peau.<\/li>\n<li>Sa formule, \u00e0 78 % d\u2019eau thermale r\u00e9paratrice, associe l\u2019\u00e9pilobe matifiante et apaisante \u00e0 un complexe purifiant. <strong>La peau est apais\u00e9e et assainie, matifi\u00e9e.<\/strong><\/li>\n<li>L\u2019hydratant matifiant \u00e0 l\u2019eau thermale<strong> att\u00e9nue les imperfections<\/strong>. Non com\u00e9dog\u00e8ne, il hydrate tout en affinant le grain de peau.<strong>R\u00e9sultat :<\/strong> Peau saine, nette et matifi\u00e9e.\n<p>S\u2019utilise le matin, sur le visage propre et sec.<\/li>\n<li>Formul\u00e9 pour les <span class=\"text-white\">peaux sensibles<\/span>, le Soin Matifiant Anti-imperfections prend soin de toutes les <strong>peaux mixtes \u00e0 grasses \u00e0 tendance acn\u00e9ique<\/strong>.Sa <span class=\"text-white\">texture gel cr\u00e8me<\/span> p\u00e9n\u00e8tre instantan\u00e9ment. <strong>Sans effet collant<\/strong> sur le visage, elle s\u00e8che rapidement et permet un maquillage imm\u00e9diat.<\/li>\n<\/ul>\n<p class=\"single-product-format text-theme\">Format : Tube 40ml<\/p>\n<p><strong>Ingr\u00e9dients :\u00a0<\/strong>AQUA \/ WATER GLYCERIN DIMETHICONE HYDROXYETHYL ACRYLATE\/SODIUM ACRYLOYLDIMETHYL TAURATE COPOLYMER COCO-CAPRYLATE\/CAPRATE POLYMETHYL METHACRYLATE PEG-6 ISOSTEARATE SALICYLIC ACID ZINC GLUCONATE POLYACRYLATE-13 SODIUM HYDROXIDE EPILOBIUM FLEISCHERI FLOWER\/LEAF\/STEM EXTRACT TETRASODIUM EDTA PYRIDOXINE HCLPOLYISOBUTENE DIMETHICONOL SORBITAN ISOSTEARATE POLYSORBATE 60 POLYSORBATE 20 CITRIC ACID POTASSIUM SORBATE PARFUM \/ FRAGRANCE<\/p>\n","protected":false},"excerpt":{"rendered":"<p>Une cr\u00e8me matifiante, \u00e0 base d\u2019eau thermale du Mont Blanc, pour une peau assainie et moins brillante. Ce soin anti-imperfections visage resserre les pores, hydrate et matifie imm\u00e9diatement la peau. Sa formule, \u00e0 78 % d\u2019eau thermale r\u00e9paratrice, associe l\u2019\u00e9pilobe matifiante et apaisante \u00e0 un complexe purifiant. La peau est apais\u00e9e et assainie, matifi\u00e9e. L\u2019hydratant &hellip;<\/p>\n<p class=\"read-more\"> <a class=\"\" href=\"https:\/\/www.pharmefficare.com\/espace-pharmacien\/produit\/soin-matifiant-anti-imperfections\/\"> <span class=\"screen-reader-text\">Soin Matifiant Anti-Imperfections<\/span> Lire la suite\u00a0\u00bb<\/a><\/p>\n","protected":false},"featured_media":5207,"template":"","meta":{"site-sidebar-layout":"default","site-content-layout":"default","ast-global-header-display":"","ast-main-header-display":"","ast-hfb-above-header-display":"","ast-hfb-below-header-display":"","ast-hfb-mobile-header-display":"","site-post-title":"","ast-breadcrumbs-content":"","ast-featured-img":"","footer-sml-layout":"","theme-transparent-header-meta":"default","adv-header-id-meta":"","stick-header-meta":"","header-above-stick-meta":"","header-main-stick-meta":"","header-below-stick-meta":""},"product_cat":[174],"product_tag":[],"class_list":["post-5205","product","type-product","status-publish","has-post-thumbnail","hentry","product_cat-anti-imperfections"],"_links":{"self":[{"href":"https:\/\/www.pharmefficare.com\/espace-pharmacien\/wp-json\/wp\/v2\/product\/5205","targetHints":{"allow":["GET"]}}],"collection":[{"href":"https:\/\/www.pharmefficare.com\/espace-pharmacien\/wp-json\/wp\/v2\/product"}],"about":[{"href":"https:\/\/www.pharmefficare.com\/espace-pharmacien\/wp-json\/wp\/v2\/types\/product"}],"wp:featuredmedia":[{"embeddable":true,"href":"https:\/\/www.pharmefficare.com\/espace-pharmacien\/wp-json\/wp\/v2\/media\/5207"}],"wp:attachment":[{"href":"https:\/\/www.pharmefficare.com\/espace-pharmacien\/wp-json\/wp\/v2\/media?parent=5205"}],"wp:term":[{"taxonomy":"product_cat","embeddable":true,"href":"https:\/\/www.pharmefficare.com\/espace-pharmacien\/wp-json\/wp\/v2\/product_cat?post=5205"},{"taxonomy":"product_tag","embeddable":true,"href":"https:\/\/www.pharmefficare.com\/espace-pharmacien\/wp-json\/wp\/v2\/product_tag?post=5205"}],"curies":[{"name":"wp","href":"https:\/\/api.w.org\/{rel}","templated":true}]}}