{"id":5197,"date":"2022-07-13T14:53:11","date_gmt":"2022-07-13T12:53:11","guid":{"rendered":"https:\/\/www.pharmefficare.com\/espace-pharmacien\/?post_type=product&#038;p=5197"},"modified":"2022-07-13T14:53:20","modified_gmt":"2022-07-13T12:53:20","slug":"creme-hydra-tolerance","status":"publish","type":"product","link":"https:\/\/www.pharmefficare.com\/espace-pharmacien\/produit\/creme-hydra-tolerance\/","title":{"rendered":"Cr\u00e8me Hydra-Tol\u00e9rance"},"content":{"rendered":"<ul>\n<li>Une cr\u00e8me hydratante, \u00e0 base d\u2019eau thermale du Mont Blanc, pour <strong>une peau apais\u00e9e et nourrie<\/strong>.<\/li>\n<li>Ce soin de jour <strong>hydrate et calme durablement<\/strong> les sensations d\u2019inconfort du visage.<\/li>\n<li>Sa formule, \u00e0 l\u2019eau thermale r\u00e9paratrice, associe le sureau noir correcteur \u00e0 des lipides d\u2019origine v\u00e9g\u00e9tale. La fonction barri\u00e8re de la peau est renforc\u00e9e. <strong>La sensibilit\u00e9 cutan\u00e9e diminue.<\/strong><\/li>\n<li>La cr\u00e8me visage haute-tol\u00e9rance \u00e0 l\u2019eau thermale apporte une hydratation et une nutrition optimales. Elle <strong>redonne confort et souplesse, tout en apaisant<\/strong> les sensations d\u2019inconfort.<strong>R\u00e9sultat :<\/strong> Peau hydrat\u00e9e, apais\u00e9e et prot\u00e9g\u00e9e.\n<p>Hypoallerg\u00e9nique, ce soin s\u2019utilise \u00e9galement pour les peux sensibles r\u00e9actives ou intol\u00e9rantes<\/li>\n<li>Formul\u00e9e pour les <span class=\"text-white\">peaux sensibles<\/span>, la Cr\u00e8me Hydra-tol\u00e9rance prend soin de toutes les <strong>peaux r\u00e9actives \u00e0 intol\u00e9rantes<\/strong>.<span class=\"text-white\">Riche et sans parfum<\/span>, sa texture glisse sur le visage et laisse un fini <strong>doux et non gras<\/strong>.<\/li>\n<\/ul>\n<p class=\"single-product-format text-theme\">Format : Tube 40 ml<\/p>\n","protected":false},"excerpt":{"rendered":"<p>Une cr\u00e8me hydratante, \u00e0 base d\u2019eau thermale du Mont Blanc, pour une peau apais\u00e9e et nourrie. Ce soin de jour hydrate et calme durablement les sensations d\u2019inconfort du visage. Sa formule, \u00e0 l\u2019eau thermale r\u00e9paratrice, associe le sureau noir correcteur \u00e0 des lipides d\u2019origine v\u00e9g\u00e9tale. La fonction barri\u00e8re de la peau est renforc\u00e9e. La sensibilit\u00e9 &hellip;<\/p>\n<p class=\"read-more\"> <a class=\"\" href=\"https:\/\/www.pharmefficare.com\/espace-pharmacien\/produit\/creme-hydra-tolerance\/\"> <span class=\"screen-reader-text\">Cr\u00e8me Hydra-Tol\u00e9rance<\/span> Lire la suite\u00a0\u00bb<\/a><\/p>\n","protected":false},"featured_media":5198,"template":"","meta":{"site-sidebar-layout":"default","site-content-layout":"default","ast-global-header-display":"","ast-main-header-display":"","ast-hfb-above-header-display":"","ast-hfb-below-header-display":"","ast-hfb-mobile-header-display":"","site-post-title":"","ast-breadcrumbs-content":"","ast-featured-img":"","footer-sml-layout":"","theme-transparent-header-meta":"default","adv-header-id-meta":"","stick-header-meta":"","header-above-stick-meta":"","header-main-stick-meta":"","header-below-stick-meta":""},"product_cat":[173],"product_tag":[],"class_list":["post-5197","product","type-product","status-publish","has-post-thumbnail","hentry","product_cat-hydratation"],"_links":{"self":[{"href":"https:\/\/www.pharmefficare.com\/espace-pharmacien\/wp-json\/wp\/v2\/product\/5197","targetHints":{"allow":["GET"]}}],"collection":[{"href":"https:\/\/www.pharmefficare.com\/espace-pharmacien\/wp-json\/wp\/v2\/product"}],"about":[{"href":"https:\/\/www.pharmefficare.com\/espace-pharmacien\/wp-json\/wp\/v2\/types\/product"}],"wp:featuredmedia":[{"embeddable":true,"href":"https:\/\/www.pharmefficare.com\/espace-pharmacien\/wp-json\/wp\/v2\/media\/5198"}],"wp:attachment":[{"href":"https:\/\/www.pharmefficare.com\/espace-pharmacien\/wp-json\/wp\/v2\/media?parent=5197"}],"wp:term":[{"taxonomy":"product_cat","embeddable":true,"href":"https:\/\/www.pharmefficare.com\/espace-pharmacien\/wp-json\/wp\/v2\/product_cat?post=5197"},{"taxonomy":"product_tag","embeddable":true,"href":"https:\/\/www.pharmefficare.com\/espace-pharmacien\/wp-json\/wp\/v2\/product_tag?post=5197"}],"curies":[{"name":"wp","href":"https:\/\/api.w.org\/{rel}","templated":true}]}}