{"id":5193,"date":"2022-07-13T12:15:58","date_gmt":"2022-07-13T10:15:58","guid":{"rendered":"https:\/\/www.pharmefficare.com\/espace-pharmacien\/?post_type=product&#038;p=5193"},"modified":"2022-07-13T12:15:58","modified_gmt":"2022-07-13T10:15:58","slug":"soin-anti-rougeurs","status":"publish","type":"product","link":"https:\/\/www.pharmefficare.com\/espace-pharmacien\/produit\/soin-anti-rougeurs\/","title":{"rendered":"Soin Anti-Rougeurs"},"content":{"rendered":"<ul>\n<li>Une cr\u00e8me anti-rougeurs, \u00e0 base d\u2019eau thermale du Mont-Blanc, pour <strong>une peau unifi\u00e9e<\/strong>.<\/li>\n<li>Ce soin <strong>pr\u00e9vient, apaise et diminue visiblement les rougeurs <\/strong>du visage.<\/li>\n<li>Sa formule compos\u00e9e de sureau noir des Alpes et de 58% d\u2019eau thermale du Mont Blanc associe correction et r\u00e9paration. <strong>Rougeurs et sensations d\u2019\u00e9chauffements diminuent visiblement.<\/strong><\/li>\n<li>La cr\u00e8me anti-rougeurs \u00e0 l\u2019eau thermale <strong>pr\u00e9vient les rougeurs passag\u00e8res et permanentes<\/strong> (peaux \u00e0 tendance couperosique). Elle nourrit et apporte douceur et confort cutan\u00e9 tout en unifiant le teint.\n<p><strong>R\u00e9sultat :<\/strong> peau hydrat\u00e9e, rougeurs apais\u00e9es, teint harmonis\u00e9.<\/p>\n<p>S\u2019utilise sur le visage et le cou et constitue une excellente base de maquillage.<\/li>\n<li>Formul\u00e9e pour les <span class=\"text-white\">peaux sensibles<\/span>, la cr\u00e8me anti-rougeurs visage convient \u00e0 toutes les<strong>peaux sujettes aux rougeurs \u00e0 tendance couperosique<\/strong>.\n<p><span class=\"text-white\">Non-grasse<\/span>, sa <strong>texture baume l\u00e9g\u00e8re<\/strong> p\u00e9n\u00e8tre imm\u00e9diatement.<\/li>\n<\/ul>\n<p class=\"single-product-format text-theme\">Format : Tube 40ml<\/p>\n","protected":false},"excerpt":{"rendered":"<p>Une cr\u00e8me anti-rougeurs, \u00e0 base d\u2019eau thermale du Mont-Blanc, pour une peau unifi\u00e9e. Ce soin pr\u00e9vient, apaise et diminue visiblement les rougeurs du visage. Sa formule compos\u00e9e de sureau noir des Alpes et de 58% d\u2019eau thermale du Mont Blanc associe correction et r\u00e9paration. Rougeurs et sensations d\u2019\u00e9chauffements diminuent visiblement. La cr\u00e8me anti-rougeurs \u00e0 l\u2019eau &hellip;<\/p>\n<p class=\"read-more\"> <a class=\"\" href=\"https:\/\/www.pharmefficare.com\/espace-pharmacien\/produit\/soin-anti-rougeurs\/\"> <span class=\"screen-reader-text\">Soin Anti-Rougeurs<\/span> Lire la suite\u00a0\u00bb<\/a><\/p>\n","protected":false},"featured_media":5194,"template":"","meta":{"site-sidebar-layout":"default","site-content-layout":"default","ast-global-header-display":"","ast-main-header-display":"","ast-hfb-above-header-display":"","ast-hfb-below-header-display":"","ast-hfb-mobile-header-display":"","site-post-title":"","ast-breadcrumbs-content":"","ast-featured-img":"","footer-sml-layout":"","theme-transparent-header-meta":"default","adv-header-id-meta":"","stick-header-meta":"","header-above-stick-meta":"","header-main-stick-meta":"","header-below-stick-meta":""},"product_cat":[173],"product_tag":[],"class_list":["post-5193","product","type-product","status-publish","has-post-thumbnail","hentry","product_cat-hydratation"],"_links":{"self":[{"href":"https:\/\/www.pharmefficare.com\/espace-pharmacien\/wp-json\/wp\/v2\/product\/5193","targetHints":{"allow":["GET"]}}],"collection":[{"href":"https:\/\/www.pharmefficare.com\/espace-pharmacien\/wp-json\/wp\/v2\/product"}],"about":[{"href":"https:\/\/www.pharmefficare.com\/espace-pharmacien\/wp-json\/wp\/v2\/types\/product"}],"wp:featuredmedia":[{"embeddable":true,"href":"https:\/\/www.pharmefficare.com\/espace-pharmacien\/wp-json\/wp\/v2\/media\/5194"}],"wp:attachment":[{"href":"https:\/\/www.pharmefficare.com\/espace-pharmacien\/wp-json\/wp\/v2\/media?parent=5193"}],"wp:term":[{"taxonomy":"product_cat","embeddable":true,"href":"https:\/\/www.pharmefficare.com\/espace-pharmacien\/wp-json\/wp\/v2\/product_cat?post=5193"},{"taxonomy":"product_tag","embeddable":true,"href":"https:\/\/www.pharmefficare.com\/espace-pharmacien\/wp-json\/wp\/v2\/product_tag?post=5193"}],"curies":[{"name":"wp","href":"https:\/\/api.w.org\/{rel}","templated":true}]}}