{"id":5188,"date":"2022-07-13T11:13:17","date_gmt":"2022-07-13T09:13:17","guid":{"rendered":"https:\/\/www.pharmefficare.com\/espace-pharmacien\/?post_type=product&#038;p=5188"},"modified":"2022-07-13T11:13:17","modified_gmt":"2022-07-13T09:13:17","slug":"eau-micellaire-thermale","status":"publish","type":"product","link":"https:\/\/www.pharmefficare.com\/espace-pharmacien\/produit\/eau-micellaire-thermale\/","title":{"rendered":"Eau Micellaire Thermale"},"content":{"rendered":"<ul>\n<li>Une lotion micellaire, \u00e0 base d\u2019eau thermale du Mont Blanc, pour <strong>une peau propre, hydrat\u00e9e et apais\u00e9e<\/strong>.<\/li>\n<li>Cette eau micellaire thermale <strong>nettoie et purifie<\/strong> le visage en douceur.<\/li>\n<li>Sa formule, \u00e0 89% d\u2019eau thermale r\u00e9paratrice, associe les micelles anti-impuret\u00e9s \u00e0 la glyc\u00e9rine v\u00e9g\u00e9tale au pouvoir hydratant et tensioactif. <strong>La fra\u00eecheur est imm\u00e9diate<\/strong>, la sensation de confort durable.<\/li>\n<li><strong>La lotion micellaire \u00e0 l\u2019eau thermale nettoie et d\u00e9maquille efficacement<\/strong> toutes les peaux m\u00eames sensibles. Haute tol\u00e9rance, elle laisse la peau apais\u00e9e, sans l\u2019ass\u00e9cher.\n<p><strong>R\u00e9sultat :<\/strong> La peau est parfaitement d\u00e9maquill\u00e9e, nette, pr\u00eate \u00e0 recevoir les autres soins Saint-Gervais Mont Blanc.<\/p>\n<p>S\u2019utilise matin et soir, sur le visage, les yeux et le cou.<\/li>\n<li>Formul\u00e9e pour les <span class=\"text-white\">peaux sensibles<\/span>, sans parfum, l\u2019Eau Micellaire Thermale prend soin de toutes les <strong>peaux d\u00e9licates \u00e0 intol\u00e9rantes<\/strong>.<\/li>\n<\/ul>\n<p class=\"single-product-format text-theme\">Format : Flacon 400ml<\/p>\n<p>&nbsp;<\/p>\n<p><strong>Ingr\u00e9dients :<\/strong>AQUA \/ WATER GLYCERIN PROPANEDIOL PEG-7 CAPRYLIC\/CAPRIC GLYCERIDES PEG-6 CAPRYLIC\/CAPRIC GLYCERIDES POLYSORBATE 80 HYDROXYACETOPHENONE DISODIUM EDTA MYRTRIMONIUM BROMIDE SODIUM HYDROXIDE<\/p>\n","protected":false},"excerpt":{"rendered":"<p>Une lotion micellaire, \u00e0 base d\u2019eau thermale du Mont Blanc, pour une peau propre, hydrat\u00e9e et apais\u00e9e. Cette eau micellaire thermale nettoie et purifie le visage en douceur. Sa formule, \u00e0 89% d\u2019eau thermale r\u00e9paratrice, associe les micelles anti-impuret\u00e9s \u00e0 la glyc\u00e9rine v\u00e9g\u00e9tale au pouvoir hydratant et tensioactif. La fra\u00eecheur est imm\u00e9diate, la sensation de &hellip;<\/p>\n<p class=\"read-more\"> <a class=\"\" href=\"https:\/\/www.pharmefficare.com\/espace-pharmacien\/produit\/eau-micellaire-thermale\/\"> <span class=\"screen-reader-text\">Eau Micellaire Thermale<\/span> Lire la suite\u00a0\u00bb<\/a><\/p>\n","protected":false},"featured_media":5189,"template":"","meta":{"site-sidebar-layout":"default","site-content-layout":"default","ast-global-header-display":"","ast-main-header-display":"","ast-hfb-above-header-display":"","ast-hfb-below-header-display":"","ast-hfb-mobile-header-display":"","site-post-title":"","ast-breadcrumbs-content":"","ast-featured-img":"","footer-sml-layout":"","theme-transparent-header-meta":"default","adv-header-id-meta":"","stick-header-meta":"","header-above-stick-meta":"","header-main-stick-meta":"","header-below-stick-meta":""},"product_cat":[173],"product_tag":[],"class_list":["post-5188","product","type-product","status-publish","has-post-thumbnail","hentry","product_cat-hydratation"],"_links":{"self":[{"href":"https:\/\/www.pharmefficare.com\/espace-pharmacien\/wp-json\/wp\/v2\/product\/5188","targetHints":{"allow":["GET"]}}],"collection":[{"href":"https:\/\/www.pharmefficare.com\/espace-pharmacien\/wp-json\/wp\/v2\/product"}],"about":[{"href":"https:\/\/www.pharmefficare.com\/espace-pharmacien\/wp-json\/wp\/v2\/types\/product"}],"wp:featuredmedia":[{"embeddable":true,"href":"https:\/\/www.pharmefficare.com\/espace-pharmacien\/wp-json\/wp\/v2\/media\/5189"}],"wp:attachment":[{"href":"https:\/\/www.pharmefficare.com\/espace-pharmacien\/wp-json\/wp\/v2\/media?parent=5188"}],"wp:term":[{"taxonomy":"product_cat","embeddable":true,"href":"https:\/\/www.pharmefficare.com\/espace-pharmacien\/wp-json\/wp\/v2\/product_cat?post=5188"},{"taxonomy":"product_tag","embeddable":true,"href":"https:\/\/www.pharmefficare.com\/espace-pharmacien\/wp-json\/wp\/v2\/product_tag?post=5188"}],"curies":[{"name":"wp","href":"https:\/\/api.w.org\/{rel}","templated":true}]}}