{"id":5185,"date":"2022-07-12T16:53:51","date_gmt":"2022-07-12T14:53:51","guid":{"rendered":"https:\/\/www.pharmefficare.com\/espace-pharmacien\/?post_type=product&#038;p=5185"},"modified":"2022-07-12T16:54:18","modified_gmt":"2022-07-12T14:54:18","slug":"doux-gommage-thermal","status":"publish","type":"product","link":"https:\/\/www.pharmefficare.com\/espace-pharmacien\/produit\/doux-gommage-thermal\/","title":{"rendered":"Doux Gommage Thermal"},"content":{"rendered":"<ul>\n<li>Un gommage extra-fin, \u00e0 base d\u2019eau thermale du Mont Blanc, pour <strong>une peau liss\u00e9e et purifi\u00e9e en douceur<\/strong>.<\/li>\n<li>Ce soin sp\u00e9cifique visage <strong>ravive le teint et exfolie efficacement tout en douceur<\/strong>, m\u00eame les peaux les plus sensibles.<\/li>\n<li>Sa formule associe 87% d\u2019eau thermale r\u00e9paratrice au lin alpin au pouvoir apaisant. <strong>Peaux mortes et impuret\u00e9s sont \u00e9limin\u00e9es.<\/strong> Imm\u00e9diatement hydrat\u00e9e, la peau retrouve son confort.<\/li>\n<li>Gr\u00e2ce au gommage exfoliant doux \u00e0 l\u2019eau thermal, le teint est lumineux, <strong>la peau parait renouvel\u00e9e<\/strong>. Il affine le grain de peau et fait apparaitre une peau plus belle.<strong>R\u00e9sultat :<\/strong> Peau parait r\u00e9g\u00e9n\u00e9r\u00e9e et purifi\u00e9e. Teint \u00e9clatant.\n<p>S\u2019utilise une \u00e0 deux fois par semaine sur le visage humidifi\u00e9 en \u00e9vitant le contour des yeux.<\/li>\n<\/ul>\n<p class=\"single-product-format text-theme\">Format : Tube 50ml<\/p>\n<p><strong>Ingr\u00e9dients :\u00a0<\/strong>AQUA \/ WATER BUTYLENE GLYCOL GLYCERIN AMMONIUM POLYACRYLOYLDIMETHYL TAURATE PERLITE PUMICE BENZOIC ACID CAPRYLYL GLYCOL XANTHAN GUM TETRASODIUM EDTA MYRTRIMONIUM BROMIDE SODIUM HYDROXIDE LINUM ALPINUM FLOWER\/LEAF\/STEM EXTRACT POTASSIUM SORBATE CITRIC ACID PARFUM \/ FRAGRANCE<\/p>\n","protected":false},"excerpt":{"rendered":"<p>Un gommage extra-fin, \u00e0 base d\u2019eau thermale du Mont Blanc, pour une peau liss\u00e9e et purifi\u00e9e en douceur. Ce soin sp\u00e9cifique visage ravive le teint et exfolie efficacement tout en douceur, m\u00eame les peaux les plus sensibles. Sa formule associe 87% d\u2019eau thermale r\u00e9paratrice au lin alpin au pouvoir apaisant. Peaux mortes et impuret\u00e9s sont &hellip;<\/p>\n<p class=\"read-more\"> <a class=\"\" href=\"https:\/\/www.pharmefficare.com\/espace-pharmacien\/produit\/doux-gommage-thermal\/\"> <span class=\"screen-reader-text\">Doux Gommage Thermal<\/span> Lire la suite\u00a0\u00bb<\/a><\/p>\n","protected":false},"featured_media":5186,"template":"","meta":{"site-sidebar-layout":"default","site-content-layout":"default","ast-global-header-display":"","ast-main-header-display":"","ast-hfb-above-header-display":"","ast-hfb-below-header-display":"","ast-hfb-mobile-header-display":"","site-post-title":"","ast-breadcrumbs-content":"","ast-featured-img":"","footer-sml-layout":"","theme-transparent-header-meta":"default","adv-header-id-meta":"","stick-header-meta":"","header-above-stick-meta":"","header-main-stick-meta":"","header-below-stick-meta":""},"product_cat":[173],"product_tag":[],"class_list":["post-5185","product","type-product","status-publish","has-post-thumbnail","hentry","product_cat-hydratation"],"_links":{"self":[{"href":"https:\/\/www.pharmefficare.com\/espace-pharmacien\/wp-json\/wp\/v2\/product\/5185","targetHints":{"allow":["GET"]}}],"collection":[{"href":"https:\/\/www.pharmefficare.com\/espace-pharmacien\/wp-json\/wp\/v2\/product"}],"about":[{"href":"https:\/\/www.pharmefficare.com\/espace-pharmacien\/wp-json\/wp\/v2\/types\/product"}],"wp:featuredmedia":[{"embeddable":true,"href":"https:\/\/www.pharmefficare.com\/espace-pharmacien\/wp-json\/wp\/v2\/media\/5186"}],"wp:attachment":[{"href":"https:\/\/www.pharmefficare.com\/espace-pharmacien\/wp-json\/wp\/v2\/media?parent=5185"}],"wp:term":[{"taxonomy":"product_cat","embeddable":true,"href":"https:\/\/www.pharmefficare.com\/espace-pharmacien\/wp-json\/wp\/v2\/product_cat?post=5185"},{"taxonomy":"product_tag","embeddable":true,"href":"https:\/\/www.pharmefficare.com\/espace-pharmacien\/wp-json\/wp\/v2\/product_tag?post=5185"}],"curies":[{"name":"wp","href":"https:\/\/api.w.org\/{rel}","templated":true}]}}