{"id":5183,"date":"2022-07-12T16:39:54","date_gmt":"2022-07-12T14:39:54","guid":{"rendered":"https:\/\/www.pharmefficare.com\/espace-pharmacien\/?post_type=product&#038;p=5183"},"modified":"2022-07-12T16:39:55","modified_gmt":"2022-07-12T14:39:55","slug":"masque-re-hydratant-apaisant","status":"publish","type":"product","link":"https:\/\/www.pharmefficare.com\/espace-pharmacien\/produit\/masque-re-hydratant-apaisant\/","title":{"rendered":"Masque R\u00e9-Hydratant Apaisant"},"content":{"rendered":"<ul>\n<li>Un masque hydratant, \u00e0 base d\u2019eau thermale du Mont Blanc, pour <strong>une peau apais\u00e9e et nourrie<\/strong>.<\/li>\n<li>Ce soin sp\u00e9cifique apporte au visage<strong> une r\u00e9hydratation fra\u00eeche, rapide et efficace<\/strong>.<\/li>\n<li>Sa formule, \u00e0 67 % d\u2019eau thermale r\u00e9paratrice, associe le lin alpin apaisant \u00e0 un complexe hydratant. Gorg\u00e9e d\u2019eau thermale riche en min\u00e9raux, <strong>la peau est souple. Le teint est frais.<\/strong><\/li>\n<li><strong>Le masque apaisant recharge la peau en eau<\/strong>, en 10 minutes seulement. Il la nourrit intens\u00e9ment, tout en ravivant le teint.\n<p><strong>R\u00e9sultat<\/strong> : Confort imm\u00e9diat. Peau r\u00e9hydrat\u00e9e. Teint illumin\u00e9.<\/p>\n<p>S\u2019utilise en couche \u00e9paisse deux fois par semaine ou en fine couche comme soin de nuit pour r\u00e9parer la fonction barri\u00e8re.<\/li>\n<\/ul>\n<p class=\"single-product-format text-theme\">Format : Flacon pompe 50ml<\/p>\n<p>&nbsp;<\/p>\n<p><strong>Ingr\u00e9dients :<\/strong> AQUA \/ WATER CAPRYLIC\/CAPRIC TRIGLYCERIDE GLYCERIN CETEARYL ALCOHOL ELAEIS GUINEENSIS OIL \/ PALM OIL PROPANEDIOL ARGANIA SPINOSA KERNEL OIL BUTYROSPERMUM PARKII BUTTER \/ SHEA BUTTER PEG-100 STEARATE GLYCERYL STEARATE CARBOMER HYDROXYACETOPHENONE CAPRYLYL GLYCOL TOCOPHEROL TETRASODIUM EDTA SODIUM HYDROXIDE LINUM ALPINUM FLOWER\/LEAF\/STEM EXTRACT CITRIC ACID POTASSIUM SORBATE PARFUM \/ FRAGRANCE<\/p>\n","protected":false},"excerpt":{"rendered":"<p>Un masque hydratant, \u00e0 base d\u2019eau thermale du Mont Blanc, pour une peau apais\u00e9e et nourrie. Ce soin sp\u00e9cifique apporte au visage une r\u00e9hydratation fra\u00eeche, rapide et efficace. Sa formule, \u00e0 67 % d\u2019eau thermale r\u00e9paratrice, associe le lin alpin apaisant \u00e0 un complexe hydratant. Gorg\u00e9e d\u2019eau thermale riche en min\u00e9raux, la peau est souple. &hellip;<\/p>\n<p class=\"read-more\"> <a class=\"\" href=\"https:\/\/www.pharmefficare.com\/espace-pharmacien\/produit\/masque-re-hydratant-apaisant\/\"> <span class=\"screen-reader-text\">Masque R\u00e9-Hydratant Apaisant<\/span> Lire la suite\u00a0\u00bb<\/a><\/p>\n","protected":false},"featured_media":5184,"template":"","meta":{"site-sidebar-layout":"default","site-content-layout":"default","ast-global-header-display":"","ast-main-header-display":"","ast-hfb-above-header-display":"","ast-hfb-below-header-display":"","ast-hfb-mobile-header-display":"","site-post-title":"","ast-breadcrumbs-content":"","ast-featured-img":"","footer-sml-layout":"","theme-transparent-header-meta":"default","adv-header-id-meta":"","stick-header-meta":"","header-above-stick-meta":"","header-main-stick-meta":"","header-below-stick-meta":""},"product_cat":[173],"product_tag":[],"class_list":["post-5183","product","type-product","status-publish","has-post-thumbnail","hentry","product_cat-hydratation"],"_links":{"self":[{"href":"https:\/\/www.pharmefficare.com\/espace-pharmacien\/wp-json\/wp\/v2\/product\/5183","targetHints":{"allow":["GET"]}}],"collection":[{"href":"https:\/\/www.pharmefficare.com\/espace-pharmacien\/wp-json\/wp\/v2\/product"}],"about":[{"href":"https:\/\/www.pharmefficare.com\/espace-pharmacien\/wp-json\/wp\/v2\/types\/product"}],"wp:featuredmedia":[{"embeddable":true,"href":"https:\/\/www.pharmefficare.com\/espace-pharmacien\/wp-json\/wp\/v2\/media\/5184"}],"wp:attachment":[{"href":"https:\/\/www.pharmefficare.com\/espace-pharmacien\/wp-json\/wp\/v2\/media?parent=5183"}],"wp:term":[{"taxonomy":"product_cat","embeddable":true,"href":"https:\/\/www.pharmefficare.com\/espace-pharmacien\/wp-json\/wp\/v2\/product_cat?post=5183"},{"taxonomy":"product_tag","embeddable":true,"href":"https:\/\/www.pharmefficare.com\/espace-pharmacien\/wp-json\/wp\/v2\/product_tag?post=5183"}],"curies":[{"name":"wp","href":"https:\/\/api.w.org\/{rel}","templated":true}]}}