{"id":5181,"date":"2022-07-12T16:20:26","date_gmt":"2022-07-12T14:20:26","guid":{"rendered":"https:\/\/www.pharmefficare.com\/espace-pharmacien\/?post_type=product&#038;p=5181"},"modified":"2022-07-12T16:20:49","modified_gmt":"2022-07-12T14:20:49","slug":"soin-de-nuit-reparateur","status":"publish","type":"product","link":"https:\/\/www.pharmefficare.com\/espace-pharmacien\/produit\/soin-de-nuit-reparateur\/","title":{"rendered":"Soin de Nuit R\u00e9parateur"},"content":{"rendered":"<ul>\n<li>Une cr\u00e8me de nuit, \u00e0 base d\u2019eau thermale du Mont Blanc, pour <strong>une peau nourrie et r\u00e9g\u00e9n\u00e9r\u00e9e au r\u00e9veil<\/strong>.<\/li>\n<li>Ce soin r\u00e9parateur apporte au visage <strong>un confort imm\u00e9diat\u00a0<\/strong>pendant la nuit.<\/li>\n<li>Sa formule, \u00e0 49 % d\u2019eau thermale r\u00e9paratrice, associe le lin alpin apaisant \u00e0 des lipides d\u2019origine v\u00e9g\u00e9tale. La peau r\u00e9cup\u00e8re pendant le sommeil. Elle est<strong> r\u00e9g\u00e9n\u00e9r\u00e9e et lumineuse<\/strong> au r\u00e9veil.<\/li>\n<li>La cr\u00e8me de nuit \u00e0 l\u2019eau thermale hydrate et apaise. Elle aide \u00e0 <strong>r\u00e9parer la barri\u00e8re cutan\u00e9e<\/strong> des dommages caus\u00e9s par les agressions ext\u00e9rieures (pollution, froid, UV\u2026).<strong>R\u00e9sultat :<\/strong> Confort imm\u00e9diat. Peau rajeunie, douce et lumineuse.\n<p>S\u2019utilise sur le visage, le cou et le d\u00e9collet\u00e9 30 minutes avant le coucher.<\/li>\n<\/ul>\n<p class=\"single-product-format text-theme\">Format : Tube 40ml<\/p>\n<p>&nbsp;<\/p>\n<p><strong>INGR\u00c9DIENTS :\u00a0<\/strong>AQUA \/ WATERGLYCERINBUTYROSPERMUM PARKII BUTTER \/ SHEA BUTTERPARAFFINUM LIQUIDUM \/ MINERAL OILHYDROGENATED OLIVE OIL LAURYL ESTERSCAPRYLIC\/CAPRIC TRIGLYCERIDESTEARYL ALCOHOLDIMETHICONEPEG-100 STEARATEGLYCERYL STEARATETOCOPHERYL ACETATEPOLYACRYLAMIDECAPRYLYL GLYCOLETHYLHEXYLGLYCERINCHLORPHENESINC13-14 ISOPARAFFINTETRASODIUM EDTALAURETH-7CITRIC ACIDLINUM ALPINUM FLOWER\/LEAF\/STEM EXTRACTPOTASSIUM SORBATETOCOPHEROLPARFUM \/ FRAGRANCE<\/p>\n","protected":false},"excerpt":{"rendered":"<p>Une cr\u00e8me de nuit, \u00e0 base d\u2019eau thermale du Mont Blanc, pour une peau nourrie et r\u00e9g\u00e9n\u00e9r\u00e9e au r\u00e9veil. Ce soin r\u00e9parateur apporte au visage un confort imm\u00e9diat\u00a0pendant la nuit. Sa formule, \u00e0 49 % d\u2019eau thermale r\u00e9paratrice, associe le lin alpin apaisant \u00e0 des lipides d\u2019origine v\u00e9g\u00e9tale. La peau r\u00e9cup\u00e8re pendant le sommeil. Elle &hellip;<\/p>\n<p class=\"read-more\"> <a class=\"\" href=\"https:\/\/www.pharmefficare.com\/espace-pharmacien\/produit\/soin-de-nuit-reparateur\/\"> <span class=\"screen-reader-text\">Soin de Nuit R\u00e9parateur<\/span> Lire la suite\u00a0\u00bb<\/a><\/p>\n","protected":false},"featured_media":5182,"template":"","meta":{"site-sidebar-layout":"default","site-content-layout":"default","ast-global-header-display":"","ast-main-header-display":"","ast-hfb-above-header-display":"","ast-hfb-below-header-display":"","ast-hfb-mobile-header-display":"","site-post-title":"","ast-breadcrumbs-content":"","ast-featured-img":"","footer-sml-layout":"","theme-transparent-header-meta":"default","adv-header-id-meta":"","stick-header-meta":"","header-above-stick-meta":"","header-main-stick-meta":"","header-below-stick-meta":""},"product_cat":[173],"product_tag":[],"class_list":["post-5181","product","type-product","status-publish","has-post-thumbnail","hentry","product_cat-hydratation"],"_links":{"self":[{"href":"https:\/\/www.pharmefficare.com\/espace-pharmacien\/wp-json\/wp\/v2\/product\/5181","targetHints":{"allow":["GET"]}}],"collection":[{"href":"https:\/\/www.pharmefficare.com\/espace-pharmacien\/wp-json\/wp\/v2\/product"}],"about":[{"href":"https:\/\/www.pharmefficare.com\/espace-pharmacien\/wp-json\/wp\/v2\/types\/product"}],"wp:featuredmedia":[{"embeddable":true,"href":"https:\/\/www.pharmefficare.com\/espace-pharmacien\/wp-json\/wp\/v2\/media\/5182"}],"wp:attachment":[{"href":"https:\/\/www.pharmefficare.com\/espace-pharmacien\/wp-json\/wp\/v2\/media?parent=5181"}],"wp:term":[{"taxonomy":"product_cat","embeddable":true,"href":"https:\/\/www.pharmefficare.com\/espace-pharmacien\/wp-json\/wp\/v2\/product_cat?post=5181"},{"taxonomy":"product_tag","embeddable":true,"href":"https:\/\/www.pharmefficare.com\/espace-pharmacien\/wp-json\/wp\/v2\/product_tag?post=5181"}],"curies":[{"name":"wp","href":"https:\/\/api.w.org\/{rel}","templated":true}]}}