{"id":5179,"date":"2022-07-12T16:11:43","date_gmt":"2022-07-12T14:11:43","guid":{"rendered":"https:\/\/www.pharmefficare.com\/espace-pharmacien\/?post_type=product&#038;p=5179"},"modified":"2022-07-12T16:11:44","modified_gmt":"2022-07-12T14:11:44","slug":"lessence-du-mont-blanc","status":"publish","type":"product","link":"https:\/\/www.pharmefficare.com\/espace-pharmacien\/produit\/lessence-du-mont-blanc\/","title":{"rendered":"L&rsquo;essence Du Mont Blanc"},"content":{"rendered":"<ul>\n<li>Un s\u00e9rum hydratant, concentr\u00e9 en eau thermale du Mont-Blanc, pour <strong>une peau liss\u00e9e et lumineuse<\/strong>.<\/li>\n<li>Un soin qui apporte au visage une dose d\u2019hydratation r\u00e9paratrice qui <strong>redonne \u00e9clat et rebond et r\u00e9pare la barri\u00e8re cutan\u00e9e<\/strong>.<\/li>\n<li>Sa formule \u00e0 l\u2019extrait actif de 4 plantes alpines anti-oxydantes et apaisantes (Edelweiss, Lin, Sureau et G\u00e9n\u00e9pi), aux 2 acides hyaluroniques et vitamine E, <strong>r\u00e9duit ridules, teint terne et tiraillements<\/strong>.<\/li>\n<li><strong>Le s\u00e9rum repulpant et r\u00e9parateur hydrate la peau pendant 24h.<\/strong> Il restaure la barri\u00e8re cutan\u00e9e et acc\u00e9l\u00e8re le renouvellement cellulaire tout en prot\u00e9geant des agressions ext\u00e9rieures.\n<p><strong>R\u00e9sultat<\/strong> : effet rebondi, ridules liss\u00e9es, teint \u00e9clatant.<\/p>\n<p>S\u2019utilise matin et soir, sur le visage, seul ou sous un soin hydratant.<\/li>\n<\/ul>\n<p class=\"single-product-format text-theme\">Format : Flacon-pompe 50 ml<\/p>\n<p>&nbsp;<\/p>\n<p><strong>Ingr\u00e9dients :<\/strong>AQUA \/ WATER GLYCERINPROPANEDIOLPEG\/PPG\/POLYBUTYLENE GLYCOL-8\/5\/3 GLYCERIN METHYL GLUCETH-20 CARBOMER PEG-60 HYDROGENATED CASTOR OIL SODIUM HYALURONATE CAPRYLYL GLYCOL TOCOPHEROL SODIUM HYDROXIDE SALICYLIC ACID LEONTOPODIUM ALPINUM FLOWER\/LEAF EXTRACT ARTEMISIA UMBELLIFORMIS FLOWER EXTRACT LINUM ALPINUM FLOWER\/LEAF\/STEM EXTRACT CITRIC ACID SODIUM BENZOATE SAMBUCUS NIGRA FLOWER EXTRACT POTASSIUM SORBATE<\/p>\n","protected":false},"excerpt":{"rendered":"<p>Un s\u00e9rum hydratant, concentr\u00e9 en eau thermale du Mont-Blanc, pour une peau liss\u00e9e et lumineuse. Un soin qui apporte au visage une dose d\u2019hydratation r\u00e9paratrice qui redonne \u00e9clat et rebond et r\u00e9pare la barri\u00e8re cutan\u00e9e. Sa formule \u00e0 l\u2019extrait actif de 4 plantes alpines anti-oxydantes et apaisantes (Edelweiss, Lin, Sureau et G\u00e9n\u00e9pi), aux 2 acides &hellip;<\/p>\n<p class=\"read-more\"> <a class=\"\" href=\"https:\/\/www.pharmefficare.com\/espace-pharmacien\/produit\/lessence-du-mont-blanc\/\"> <span class=\"screen-reader-text\">L&rsquo;essence Du Mont Blanc<\/span> Lire la suite\u00a0\u00bb<\/a><\/p>\n","protected":false},"featured_media":5180,"template":"","meta":{"site-sidebar-layout":"default","site-content-layout":"default","ast-global-header-display":"","ast-main-header-display":"","ast-hfb-above-header-display":"","ast-hfb-below-header-display":"","ast-hfb-mobile-header-display":"","site-post-title":"","ast-breadcrumbs-content":"","ast-featured-img":"","footer-sml-layout":"","theme-transparent-header-meta":"default","adv-header-id-meta":"","stick-header-meta":"","header-above-stick-meta":"","header-main-stick-meta":"","header-below-stick-meta":""},"product_cat":[173],"product_tag":[],"class_list":["post-5179","product","type-product","status-publish","has-post-thumbnail","hentry","product_cat-hydratation"],"_links":{"self":[{"href":"https:\/\/www.pharmefficare.com\/espace-pharmacien\/wp-json\/wp\/v2\/product\/5179","targetHints":{"allow":["GET"]}}],"collection":[{"href":"https:\/\/www.pharmefficare.com\/espace-pharmacien\/wp-json\/wp\/v2\/product"}],"about":[{"href":"https:\/\/www.pharmefficare.com\/espace-pharmacien\/wp-json\/wp\/v2\/types\/product"}],"wp:featuredmedia":[{"embeddable":true,"href":"https:\/\/www.pharmefficare.com\/espace-pharmacien\/wp-json\/wp\/v2\/media\/5180"}],"wp:attachment":[{"href":"https:\/\/www.pharmefficare.com\/espace-pharmacien\/wp-json\/wp\/v2\/media?parent=5179"}],"wp:term":[{"taxonomy":"product_cat","embeddable":true,"href":"https:\/\/www.pharmefficare.com\/espace-pharmacien\/wp-json\/wp\/v2\/product_cat?post=5179"},{"taxonomy":"product_tag","embeddable":true,"href":"https:\/\/www.pharmefficare.com\/espace-pharmacien\/wp-json\/wp\/v2\/product_tag?post=5179"}],"curies":[{"name":"wp","href":"https:\/\/api.w.org\/{rel}","templated":true}]}}