{"id":5177,"date":"2022-07-12T16:05:55","date_gmt":"2022-07-12T14:05:55","guid":{"rendered":"https:\/\/www.pharmefficare.com\/espace-pharmacien\/?post_type=product&#038;p=5177"},"modified":"2022-07-12T16:05:55","modified_gmt":"2022-07-12T14:05:55","slug":"soin-essentiel-hydratant-riche-24h","status":"publish","type":"product","link":"https:\/\/www.pharmefficare.com\/espace-pharmacien\/produit\/soin-essentiel-hydratant-riche-24h\/","title":{"rendered":"Soin Essentiel Hydratant Riche 24H"},"content":{"rendered":"<ul>\n<li>Une cr\u00e8me riche, \u00e0 base d\u2019eau thermale du Mont Blanc, pour <strong>une peau intens\u00e9ment hydrat\u00e9e<\/strong>.<\/li>\n<li>Ce soin de jour essentiel apporte au visage <strong>24h d\u2019hydratation continue<\/strong>.<\/li>\n<li>Sa formule, \u00e0 71 % d\u2019eau thermale r\u00e9paratrice, associe le lin alpin apaisant \u00e0 des agents hydratants et \u00e9mollients. <strong>La peau est ressourc\u00e9e, apais\u00e9e et r\u00e9g\u00e9n\u00e9r\u00e9e.<\/strong> Eclatante, elle parait plus belle.<\/li>\n<li>Le soin hydratant riche \u00e0 l\u2019eau thermale <strong>apaise les sensations d\u2019inconfort et de tiraillement<\/strong>. Il att\u00e9nue rougeurs et ridules de d\u00e9shydratation, tout en enveloppant la peau de douceur tout au long de la journ\u00e9e.\n<p><strong>R\u00e9sultat :<\/strong> Peau nourrie, souple et confortable. Teint plus lumineux.<\/p>\n<p>S\u2019utilise comme base de maquillage.<\/li>\n<\/ul>\n<p class=\"single-product-format text-theme\">Format : Tube 40ml<\/p>\n<p>&nbsp;<\/p>\n<p><strong>Ingr\u00e9dients :\u00a0<\/strong>AQUA \/ WATER GLYCERIN COCO-CAPRYLATE\/CAPRATE BUTYROSPERMUM PARKII BUTTER \/ SHEA BUTTER ALCOHOL DENAT. AMMONIUM POLYACRYLOYLDIMETHYL TAURATE HYDROXYETHYLPIPERAZINE ETHANE SULFONIC ACID HYDROXYACETOPHENONE CAPRYLOYL GLYCINE XYLITYLGLUCOSIDE POLOXAMER 338 CAPRYLYL GLYCOL ANHYDROXYLITOL TOCOPHEROL XYLITOL SODIUM HYALURONATE 2-OLEAMIDO-13-OCTADECANEDIOL XANTHAN GUM SODIUM HYDROXIDE LINUM ALPINUM FLOWER\/LEAF\/STEM EXTRACT CITRIC ACID POTASSIUM SORBATE HELIANTHUS ANNUUS SEED OIL \/ SUNFLOWER SEED OIL PARFUM \/ FRAGRANCE<\/p>\n","protected":false},"excerpt":{"rendered":"<p>Une cr\u00e8me riche, \u00e0 base d\u2019eau thermale du Mont Blanc, pour une peau intens\u00e9ment hydrat\u00e9e. Ce soin de jour essentiel apporte au visage 24h d\u2019hydratation continue. Sa formule, \u00e0 71 % d\u2019eau thermale r\u00e9paratrice, associe le lin alpin apaisant \u00e0 des agents hydratants et \u00e9mollients. La peau est ressourc\u00e9e, apais\u00e9e et r\u00e9g\u00e9n\u00e9r\u00e9e. Eclatante, elle parait &hellip;<\/p>\n<p class=\"read-more\"> <a class=\"\" href=\"https:\/\/www.pharmefficare.com\/espace-pharmacien\/produit\/soin-essentiel-hydratant-riche-24h\/\"> <span class=\"screen-reader-text\">Soin Essentiel Hydratant Riche 24H<\/span> Lire la suite\u00a0\u00bb<\/a><\/p>\n","protected":false},"featured_media":5178,"template":"","meta":{"site-sidebar-layout":"default","site-content-layout":"default","ast-global-header-display":"","ast-main-header-display":"","ast-hfb-above-header-display":"","ast-hfb-below-header-display":"","ast-hfb-mobile-header-display":"","site-post-title":"","ast-breadcrumbs-content":"","ast-featured-img":"","footer-sml-layout":"","theme-transparent-header-meta":"default","adv-header-id-meta":"","stick-header-meta":"","header-above-stick-meta":"","header-main-stick-meta":"","header-below-stick-meta":""},"product_cat":[173],"product_tag":[],"class_list":["post-5177","product","type-product","status-publish","has-post-thumbnail","hentry","product_cat-hydratation"],"_links":{"self":[{"href":"https:\/\/www.pharmefficare.com\/espace-pharmacien\/wp-json\/wp\/v2\/product\/5177","targetHints":{"allow":["GET"]}}],"collection":[{"href":"https:\/\/www.pharmefficare.com\/espace-pharmacien\/wp-json\/wp\/v2\/product"}],"about":[{"href":"https:\/\/www.pharmefficare.com\/espace-pharmacien\/wp-json\/wp\/v2\/types\/product"}],"wp:featuredmedia":[{"embeddable":true,"href":"https:\/\/www.pharmefficare.com\/espace-pharmacien\/wp-json\/wp\/v2\/media\/5178"}],"wp:attachment":[{"href":"https:\/\/www.pharmefficare.com\/espace-pharmacien\/wp-json\/wp\/v2\/media?parent=5177"}],"wp:term":[{"taxonomy":"product_cat","embeddable":true,"href":"https:\/\/www.pharmefficare.com\/espace-pharmacien\/wp-json\/wp\/v2\/product_cat?post=5177"},{"taxonomy":"product_tag","embeddable":true,"href":"https:\/\/www.pharmefficare.com\/espace-pharmacien\/wp-json\/wp\/v2\/product_tag?post=5177"}],"curies":[{"name":"wp","href":"https:\/\/api.w.org\/{rel}","templated":true}]}}