{"id":5171,"date":"2022-07-12T15:01:39","date_gmt":"2022-07-12T13:01:39","guid":{"rendered":"https:\/\/www.pharmefficare.com\/espace-pharmacien\/?post_type=product&#038;p=5171"},"modified":"2022-07-12T15:05:23","modified_gmt":"2022-07-12T13:05:23","slug":"serum-eclat","status":"publish","type":"product","link":"https:\/\/www.pharmefficare.com\/espace-pharmacien\/produit\/serum-eclat\/","title":{"rendered":"S\u00e9rum \u00e9clat"},"content":{"rendered":"<ul>\n<li>Un s\u00e9rum anti-\u00e2ge concentr\u00e9 d\u2019\u00e9clat, \u00e0 base d\u2019eau thermale du Mont Blanc, pour <strong>une peau liss\u00e9e et lumineuse<\/strong>.<\/li>\n<li>Ce soin lissant visage <strong>lutte contre les premiers signes de l\u2019\u00e2ge<\/strong> en apportant hydratation et tonicit\u00e9.<\/li>\n<li>Sa formule, \u00e0 76% d\u2019eau thermale r\u00e9paratrice, associe l\u2019edelweiss alpin antioxydant \u00e0 l\u2019acide hyaluronique. Efficacit\u00e9 imm\u00e9diate : <strong>les ridules sont liss\u00e9es, l\u2019\u00e9clat est boost\u00e9<\/strong>.<\/li>\n<li>Le s\u00e9rum concentr\u00e9 d\u2019\u00e9clat \u00e0 l\u2019eau thermale combat les premiers signes de l\u2019\u00e2ge. Il <strong>lisse la peau et lui redonne sa souplesse<\/strong>, tout en illuminant le teint.<strong>R\u00e9sultat :<\/strong> Effet tenseur. Peau d\u00e9fatigu\u00e9e. Teint lumineux.S\u2019utilise matin et soir, sous le Soin Lissant Premi\u00e8res Rides Saint-Gervais Mont Blanc pour combiner hydratation, \u00e9clat et protection.<\/li>\n<\/ul>\n<p class=\"single-product-format text-theme\">Format : Flacon-pompe 30ml<\/p>\n<p>&nbsp;<\/p>\n<p><strong>Ingr\u00e9dients :<\/strong>\u00a0AQUA \/ WATER ALCOHOL DENAT. HYDROXYETHYLPIPERAZINE ETHANE SULFONIC ACID BUTYLENE GLYCOL GLYCERIN ISOCETYL STEARATE AMMONIUM POLYACRYLOYLDIMETHYL TAURATE HYDROXYACETOPHENONE OCTYLDODECANOL SODIUM HYALURONATE CAPRYLYL GLYCOL TOCOPHEROL TETRASODIUM EDTA NEOHESPERIDIN DIHYDROCHALCONE POLOXAMER 338 CAPRYLOYL SALICYLIC ACID XANTHAN GUM ADENOSINE DIPOTASSIUM GLYCYRRHIZATE PEG-20 METHYL GLUCOSE SESQUISTEARATE CITRIC ACID LEONTOPODIUM ALPINUM FLOWER\/LEAF EXTRACT SODIUM BENZOATE POTASSIUM SORBATE PARFUM \/ FRAGRANCE<\/p>\n","protected":false},"excerpt":{"rendered":"<p>Un s\u00e9rum anti-\u00e2ge concentr\u00e9 d\u2019\u00e9clat, \u00e0 base d\u2019eau thermale du Mont Blanc, pour une peau liss\u00e9e et lumineuse. Ce soin lissant visage lutte contre les premiers signes de l\u2019\u00e2ge en apportant hydratation et tonicit\u00e9. Sa formule, \u00e0 76% d\u2019eau thermale r\u00e9paratrice, associe l\u2019edelweiss alpin antioxydant \u00e0 l\u2019acide hyaluronique. Efficacit\u00e9 imm\u00e9diate : les ridules sont liss\u00e9es, &hellip;<\/p>\n<p class=\"read-more\"> <a class=\"\" href=\"https:\/\/www.pharmefficare.com\/espace-pharmacien\/produit\/serum-eclat\/\"> <span class=\"screen-reader-text\">S\u00e9rum \u00e9clat<\/span> Lire la suite\u00a0\u00bb<\/a><\/p>\n","protected":false},"featured_media":5172,"template":"","meta":{"site-sidebar-layout":"default","site-content-layout":"default","ast-global-header-display":"","ast-main-header-display":"","ast-hfb-above-header-display":"","ast-hfb-below-header-display":"","ast-hfb-mobile-header-display":"","site-post-title":"","ast-breadcrumbs-content":"","ast-featured-img":"","footer-sml-layout":"","theme-transparent-header-meta":"default","adv-header-id-meta":"","stick-header-meta":"","header-above-stick-meta":"","header-main-stick-meta":"","header-below-stick-meta":""},"product_cat":[172],"product_tag":[],"class_list":["post-5171","product","type-product","status-publish","has-post-thumbnail","hentry","product_cat-anti-age"],"_links":{"self":[{"href":"https:\/\/www.pharmefficare.com\/espace-pharmacien\/wp-json\/wp\/v2\/product\/5171","targetHints":{"allow":["GET"]}}],"collection":[{"href":"https:\/\/www.pharmefficare.com\/espace-pharmacien\/wp-json\/wp\/v2\/product"}],"about":[{"href":"https:\/\/www.pharmefficare.com\/espace-pharmacien\/wp-json\/wp\/v2\/types\/product"}],"wp:featuredmedia":[{"embeddable":true,"href":"https:\/\/www.pharmefficare.com\/espace-pharmacien\/wp-json\/wp\/v2\/media\/5172"}],"wp:attachment":[{"href":"https:\/\/www.pharmefficare.com\/espace-pharmacien\/wp-json\/wp\/v2\/media?parent=5171"}],"wp:term":[{"taxonomy":"product_cat","embeddable":true,"href":"https:\/\/www.pharmefficare.com\/espace-pharmacien\/wp-json\/wp\/v2\/product_cat?post=5171"},{"taxonomy":"product_tag","embeddable":true,"href":"https:\/\/www.pharmefficare.com\/espace-pharmacien\/wp-json\/wp\/v2\/product_tag?post=5171"}],"curies":[{"name":"wp","href":"https:\/\/api.w.org\/{rel}","templated":true}]}}