{"id":5169,"date":"2022-07-12T14:50:01","date_gmt":"2022-07-12T12:50:01","guid":{"rendered":"https:\/\/www.pharmefficare.com\/espace-pharmacien\/?post_type=product&#038;p=5169"},"modified":"2022-07-12T14:51:13","modified_gmt":"2022-07-12T12:51:13","slug":"creme-de-nuit-regenerante","status":"publish","type":"product","link":"https:\/\/www.pharmefficare.com\/espace-pharmacien\/produit\/creme-de-nuit-regenerante\/","title":{"rendered":"Cr\u00e8me de nuit R\u00e9g\u00e9n\u00e9rante"},"content":{"rendered":"<ul>\n<li>Une cr\u00e8me de nuit r\u00e9paratrice, \u00e0 base d\u2019eau thermale du Mont Blanc, pour <strong>une peau r\u00e9g\u00e9n\u00e9r\u00e9e et apais\u00e9e<\/strong>.<\/li>\n<li>Un soin concentr\u00e9 qui <strong>nourrit intens\u00e9ment et favorise le renouvellement cellulaire<\/strong>.<\/li>\n<li>Sa formule, \u00e0 46 % d\u2019eau thermale r\u00e9paratrice, associe l\u2019edelweiss anti-oxydant \u00e0 un complexe nourrissant, enrichi en beurre de karit\u00e9 et en glyc\u00e9rine v\u00e9g\u00e9tale. La peau r\u00e9cup\u00e8re des agressions ext\u00e9rieures et <strong>sa barri\u00e8re cutan\u00e9e est r\u00e9par\u00e9e pendant la nuit<\/strong>.<\/li>\n<li><strong>La cr\u00e8me de nuit r\u00e9paratrice \u00e0 l\u2019eau thermale participe \u00e0 la r\u00e9g\u00e9n\u00e9ration de la peau.<\/strong> R\u00e9confortante, la peau est comme rajeunie au r\u00e9veil.<strong>R\u00e9sultat :<\/strong> Peau douce, souple, ressourc\u00e9e.S\u2019utilise avant le coucher. \u00c0 combiner au Soin Anti-\u00e2ge Restructurant Saint-Gervais Mont Blanc pour une routine compl\u00e8te.<\/li>\n<\/ul>\n<p class=\"single-product-format text-theme\">Format : Pot 50ml<\/p>\n<p><strong>Ingr\u00e9dients :<\/strong> AQUA \/ WATER GLYCERIN BUTYROSPERMUM PARKII BUTTER \/ SHEA BUTTER PARAFFINUM LIQUIDUM \/ MINERAL OIL HYDROGENATED OLIVE OIL LAURYL ESTERS CAPRYLIC\/CAPRIC TRIGLYCERIDE STEARYL ALCOHOL DIMETHICONE PROPANEDIOL PEG-100 STEARATE GLYCERYL STEARATE POLYACRYLAMIDE CAPRYLYL GLYCOL ETHYLHEXYLGLYCERIN TOCOPHEROL CHLORPHENESIN C13-14 ISOPARAFFIN TETRASODIUM EDTA LAURETH-7 ADENOSINE LEONTOPODIUM ALPINUM FLOWER\/LEAF EXTRACT CITRIC ACID LINUM ALPINUM FLOWER\/LEAF\/STEM EXTRACT SODIUM BENZOATE POTASSIUM SORBATE PARFUM \/ FRAGRANCE<\/p>\n","protected":false},"excerpt":{"rendered":"<p>Une cr\u00e8me de nuit r\u00e9paratrice, \u00e0 base d\u2019eau thermale du Mont Blanc, pour une peau r\u00e9g\u00e9n\u00e9r\u00e9e et apais\u00e9e. Un soin concentr\u00e9 qui nourrit intens\u00e9ment et favorise le renouvellement cellulaire. Sa formule, \u00e0 46 % d\u2019eau thermale r\u00e9paratrice, associe l\u2019edelweiss anti-oxydant \u00e0 un complexe nourrissant, enrichi en beurre de karit\u00e9 et en glyc\u00e9rine v\u00e9g\u00e9tale. La peau &hellip;<\/p>\n<p class=\"read-more\"> <a class=\"\" href=\"https:\/\/www.pharmefficare.com\/espace-pharmacien\/produit\/creme-de-nuit-regenerante\/\"> <span class=\"screen-reader-text\">Cr\u00e8me de nuit R\u00e9g\u00e9n\u00e9rante<\/span> Lire la suite\u00a0\u00bb<\/a><\/p>\n","protected":false},"featured_media":5170,"template":"","meta":{"site-sidebar-layout":"default","site-content-layout":"default","ast-global-header-display":"","ast-main-header-display":"","ast-hfb-above-header-display":"","ast-hfb-below-header-display":"","ast-hfb-mobile-header-display":"","site-post-title":"","ast-breadcrumbs-content":"","ast-featured-img":"","footer-sml-layout":"","theme-transparent-header-meta":"default","adv-header-id-meta":"","stick-header-meta":"","header-above-stick-meta":"","header-main-stick-meta":"","header-below-stick-meta":""},"product_cat":[172],"product_tag":[],"class_list":["post-5169","product","type-product","status-publish","has-post-thumbnail","hentry","product_cat-anti-age"],"_links":{"self":[{"href":"https:\/\/www.pharmefficare.com\/espace-pharmacien\/wp-json\/wp\/v2\/product\/5169","targetHints":{"allow":["GET"]}}],"collection":[{"href":"https:\/\/www.pharmefficare.com\/espace-pharmacien\/wp-json\/wp\/v2\/product"}],"about":[{"href":"https:\/\/www.pharmefficare.com\/espace-pharmacien\/wp-json\/wp\/v2\/types\/product"}],"wp:featuredmedia":[{"embeddable":true,"href":"https:\/\/www.pharmefficare.com\/espace-pharmacien\/wp-json\/wp\/v2\/media\/5170"}],"wp:attachment":[{"href":"https:\/\/www.pharmefficare.com\/espace-pharmacien\/wp-json\/wp\/v2\/media?parent=5169"}],"wp:term":[{"taxonomy":"product_cat","embeddable":true,"href":"https:\/\/www.pharmefficare.com\/espace-pharmacien\/wp-json\/wp\/v2\/product_cat?post=5169"},{"taxonomy":"product_tag","embeddable":true,"href":"https:\/\/www.pharmefficare.com\/espace-pharmacien\/wp-json\/wp\/v2\/product_tag?post=5169"}],"curies":[{"name":"wp","href":"https:\/\/api.w.org\/{rel}","templated":true}]}}