{"id":5155,"date":"2022-07-12T11:59:29","date_gmt":"2022-07-12T09:59:29","guid":{"rendered":"https:\/\/www.pharmefficare.com\/espace-pharmacien\/?post_type=product&#038;p=5155"},"modified":"2022-07-12T12:02:34","modified_gmt":"2022-07-12T10:02:34","slug":"pain-dermatologique-surgras","status":"publish","type":"product","link":"https:\/\/www.pharmefficare.com\/espace-pharmacien\/produit\/pain-dermatologique-surgras\/","title":{"rendered":"Pain Dermatologique Surgras"},"content":{"rendered":"<p>Pour les peaux s\u00e8ches \u00e0 tr\u00e8s s\u00e8ches, \u00e0 tendance atopique, le seul fait de se laver peut provoquer des irritations. La solution ? Le pain surgras dermatologique, nettoyant tr\u00e8s doux et respectueux. Vous pouvez d\u00e9sormais plonger tranquillement dans un grand bain, et tout oublier. Nettoyez votre peau et la peau de votre famille avec ce pain nettoyant sans savon \u00e0 base d\u2019eau thermale de Saint-Gervais Mont Blanc.<\/p>\n<p class=\"single-product-format text-theme\">Format : Pain 50g avec \u00e9tui<\/p>\n<p>&nbsp;<\/p>\n<p>&nbsp;<\/p>\n<p><strong>Ingr\u00e9dients<\/strong> :\u00a0SODIUM COCO-SULFATE DISODIUM LAURYL SULFOSUCCINATE ZEA MAYS STARCH \/ CORN STARCH CETEARYL ALCOHOL PARAFFIN GLYCERIN AQUA \/ WATER CI 77891 \/TITANIUM DIOXIDE (F.I.L. C214824\/1)<\/p>\n","protected":false},"excerpt":{"rendered":"<p>Pour les peaux s\u00e8ches \u00e0 tr\u00e8s s\u00e8ches, \u00e0 tendance atopique, le seul fait de se laver peut provoquer des irritations. La solution ? Le pain surgras dermatologique, nettoyant tr\u00e8s doux et respectueux. Vous pouvez d\u00e9sormais plonger tranquillement dans un grand bain, et tout oublier. Nettoyez votre peau et la peau de votre famille avec ce &hellip;<\/p>\n<p class=\"read-more\"> <a class=\"\" href=\"https:\/\/www.pharmefficare.com\/espace-pharmacien\/produit\/pain-dermatologique-surgras\/\"> <span class=\"screen-reader-text\">Pain Dermatologique Surgras<\/span> Lire la suite\u00a0\u00bb<\/a><\/p>\n","protected":false},"featured_media":5158,"template":"","meta":{"site-sidebar-layout":"default","site-content-layout":"default","ast-global-header-display":"","ast-main-header-display":"","ast-hfb-above-header-display":"","ast-hfb-below-header-display":"","ast-hfb-mobile-header-display":"","site-post-title":"","ast-breadcrumbs-content":"","ast-featured-img":"","footer-sml-layout":"","theme-transparent-header-meta":"default","adv-header-id-meta":"","stick-header-meta":"","header-above-stick-meta":"","header-main-stick-meta":"","header-below-stick-meta":""},"product_cat":[170],"product_tag":[],"class_list":["post-5155","product","type-product","status-publish","has-post-thumbnail","hentry","product_cat-soin-pour-le-corps"],"_links":{"self":[{"href":"https:\/\/www.pharmefficare.com\/espace-pharmacien\/wp-json\/wp\/v2\/product\/5155","targetHints":{"allow":["GET"]}}],"collection":[{"href":"https:\/\/www.pharmefficare.com\/espace-pharmacien\/wp-json\/wp\/v2\/product"}],"about":[{"href":"https:\/\/www.pharmefficare.com\/espace-pharmacien\/wp-json\/wp\/v2\/types\/product"}],"wp:featuredmedia":[{"embeddable":true,"href":"https:\/\/www.pharmefficare.com\/espace-pharmacien\/wp-json\/wp\/v2\/media\/5158"}],"wp:attachment":[{"href":"https:\/\/www.pharmefficare.com\/espace-pharmacien\/wp-json\/wp\/v2\/media?parent=5155"}],"wp:term":[{"taxonomy":"product_cat","embeddable":true,"href":"https:\/\/www.pharmefficare.com\/espace-pharmacien\/wp-json\/wp\/v2\/product_cat?post=5155"},{"taxonomy":"product_tag","embeddable":true,"href":"https:\/\/www.pharmefficare.com\/espace-pharmacien\/wp-json\/wp\/v2\/product_tag?post=5155"}],"curies":[{"name":"wp","href":"https:\/\/api.w.org\/{rel}","templated":true}]}}