{"id":5153,"date":"2022-07-12T11:53:44","date_gmt":"2022-07-12T09:53:44","guid":{"rendered":"https:\/\/www.pharmefficare.com\/espace-pharmacien\/?post_type=product&#038;p=5153"},"modified":"2022-07-13T17:20:14","modified_gmt":"2022-07-13T15:20:14","slug":"creme-mains-reparatrice","status":"publish","type":"product","link":"https:\/\/www.pharmefficare.com\/espace-pharmacien\/produit\/creme-mains-reparatrice\/","title":{"rendered":"Cr\u00e8me Mains R\u00e9paratrice"},"content":{"rendered":"<ul>\n<li>Une cr\u00e8me mains, \u00e0 base d\u2019eau thermale du Mont Blanc, pour <strong>une peau intens\u00e9ment nourrie<\/strong>.<\/li>\n<li>Ce soin dermatologique<strong> r\u00e9pare et prot\u00e8ge les mains ab\u00eem\u00e9es<\/strong> par les agressions du quotidien.<\/li>\n<li>Sa formule, \u00e0 40% d\u2019eau thermale r\u00e9paratrice, associe 30 % de glyc\u00e9rine v\u00e9g\u00e9tale \u00e0 la mauve alpine calmante. <strong>S\u00e9cheresses cutan\u00e9es s\u00e9v\u00e8res, rougeurs et sensations de tiraillement sont apais\u00e9es.<\/strong><\/li>\n<\/ul>\n<p class=\"single-product-format text-theme\">Format : Tube 50ml<\/p>\n<p>&nbsp;<\/p>\n<p>&nbsp;<\/p>\n<p>Ingr\u00e9dients : AQUA \/ WATER GLYCERIN BUTYLENE GLYCOL CETEARYL ALCOHOL NIACINAMIDE GLYCERYL STEARATE BUTYROSPERMUM PARKII BUTTER \/ SHEA BUTTER DIMETHICONE GLYCERYL STEARATE SE PANTHENOL AMMONIUM POLYACRYLOYLDIMETHYL TAURATE CAPRYLYL GLYCOL TETRASODIUM EDTA HELIANTHUS ANNUUS SEED OIL \/ SUNFLOWER SEED OIL GENTIANA LUTEA ROOT EXTRACT MALVA SYLVESTRIS FLOWER EXTRACT \/ MALLOW FLOWER EXTRACT CITRIC ACID SODIUM BENZOATE POTASSIUM SORBATE PARFUM \/ FRAGRANCE<\/p>\n","protected":false},"excerpt":{"rendered":"<p>Une cr\u00e8me mains, \u00e0 base d\u2019eau thermale du Mont Blanc, pour une peau intens\u00e9ment nourrie. Ce soin dermatologique r\u00e9pare et prot\u00e8ge les mains ab\u00eem\u00e9es par les agressions du quotidien. Sa formule, \u00e0 40% d\u2019eau thermale r\u00e9paratrice, associe 30 % de glyc\u00e9rine v\u00e9g\u00e9tale \u00e0 la mauve alpine calmante. S\u00e9cheresses cutan\u00e9es s\u00e9v\u00e8res, rougeurs et sensations de tiraillement &hellip;<\/p>\n<p class=\"read-more\"> <a class=\"\" href=\"https:\/\/www.pharmefficare.com\/espace-pharmacien\/produit\/creme-mains-reparatrice\/\"> <span class=\"screen-reader-text\">Cr\u00e8me Mains R\u00e9paratrice<\/span> Lire la suite\u00a0\u00bb<\/a><\/p>\n","protected":false},"featured_media":5211,"template":"","meta":{"site-sidebar-layout":"default","site-content-layout":"default","ast-global-header-display":"","ast-main-header-display":"","ast-hfb-above-header-display":"","ast-hfb-below-header-display":"","ast-hfb-mobile-header-display":"","site-post-title":"","ast-breadcrumbs-content":"","ast-featured-img":"","footer-sml-layout":"","theme-transparent-header-meta":"default","adv-header-id-meta":"","stick-header-meta":"","header-above-stick-meta":"","header-main-stick-meta":"","header-below-stick-meta":""},"product_cat":[170],"product_tag":[],"class_list":["post-5153","product","type-product","status-publish","has-post-thumbnail","hentry","product_cat-soin-pour-le-corps"],"_links":{"self":[{"href":"https:\/\/www.pharmefficare.com\/espace-pharmacien\/wp-json\/wp\/v2\/product\/5153","targetHints":{"allow":["GET"]}}],"collection":[{"href":"https:\/\/www.pharmefficare.com\/espace-pharmacien\/wp-json\/wp\/v2\/product"}],"about":[{"href":"https:\/\/www.pharmefficare.com\/espace-pharmacien\/wp-json\/wp\/v2\/types\/product"}],"wp:featuredmedia":[{"embeddable":true,"href":"https:\/\/www.pharmefficare.com\/espace-pharmacien\/wp-json\/wp\/v2\/media\/5211"}],"wp:attachment":[{"href":"https:\/\/www.pharmefficare.com\/espace-pharmacien\/wp-json\/wp\/v2\/media?parent=5153"}],"wp:term":[{"taxonomy":"product_cat","embeddable":true,"href":"https:\/\/www.pharmefficare.com\/espace-pharmacien\/wp-json\/wp\/v2\/product_cat?post=5153"},{"taxonomy":"product_tag","embeddable":true,"href":"https:\/\/www.pharmefficare.com\/espace-pharmacien\/wp-json\/wp\/v2\/product_tag?post=5153"}],"curies":[{"name":"wp","href":"https:\/\/api.w.org\/{rel}","templated":true}]}}