{"id":515,"date":"2021-10-04T16:12:49","date_gmt":"2021-10-04T14:12:49","guid":{"rendered":"https:\/\/www.pharmefficare.com\/espace-pharmacien\/?post_type=product&#038;p=515"},"modified":"2021-10-06T15:39:07","modified_gmt":"2021-10-06T13:39:07","slug":"stick-denties","status":"publish","type":"product","link":"https:\/\/www.pharmefficare.com\/espace-pharmacien\/produit\/stick-denties\/","title":{"rendered":"Stick DENTIES BUBIMEX"},"content":{"rendered":"<ul>\n<li>Stick \u00e9toil\u00e9 \u00e0 m\u00e2cher enrichi en vitamines A, D et E<\/li>\n<li>favorise l\u2019hygi\u00e8ne dentaire<\/li>\n<li>Friandise qui peut s&rsquo;ins\u00e9rer dans le Denties TOY<\/li>\n<\/ul>\n","protected":false},"excerpt":{"rendered":"<p>Stick \u00e9toil\u00e9 \u00e0 m\u00e2cher enrichi en vitamines A, D et E favorise l\u2019hygi\u00e8ne dentaire Friandise qui peut s&rsquo;ins\u00e9rer dans le Denties TOY<\/p>\n","protected":false},"featured_media":516,"template":"","meta":{"site-sidebar-layout":"default","site-content-layout":"default","ast-global-header-display":"","ast-main-header-display":"","ast-hfb-above-header-display":"","ast-hfb-below-header-display":"","ast-hfb-mobile-header-display":"","site-post-title":"","ast-breadcrumbs-content":"","ast-featured-img":"","footer-sml-layout":"","theme-transparent-header-meta":"","adv-header-id-meta":"","stick-header-meta":"","header-above-stick-meta":"","header-main-stick-meta":"","header-below-stick-meta":""},"product_cat":[38],"product_tag":[],"class_list":["post-515","product","type-product","status-publish","has-post-thumbnail","hentry","product_cat-nourriture-pour-chien"],"_links":{"self":[{"href":"https:\/\/www.pharmefficare.com\/espace-pharmacien\/wp-json\/wp\/v2\/product\/515","targetHints":{"allow":["GET"]}}],"collection":[{"href":"https:\/\/www.pharmefficare.com\/espace-pharmacien\/wp-json\/wp\/v2\/product"}],"about":[{"href":"https:\/\/www.pharmefficare.com\/espace-pharmacien\/wp-json\/wp\/v2\/types\/product"}],"wp:featuredmedia":[{"embeddable":true,"href":"https:\/\/www.pharmefficare.com\/espace-pharmacien\/wp-json\/wp\/v2\/media\/516"}],"wp:attachment":[{"href":"https:\/\/www.pharmefficare.com\/espace-pharmacien\/wp-json\/wp\/v2\/media?parent=515"}],"wp:term":[{"taxonomy":"product_cat","embeddable":true,"href":"https:\/\/www.pharmefficare.com\/espace-pharmacien\/wp-json\/wp\/v2\/product_cat?post=515"},{"taxonomy":"product_tag","embeddable":true,"href":"https:\/\/www.pharmefficare.com\/espace-pharmacien\/wp-json\/wp\/v2\/product_tag?post=515"}],"curies":[{"name":"wp","href":"https:\/\/api.w.org\/{rel}","templated":true}]}}