{"id":5141,"date":"2022-07-12T11:09:35","date_gmt":"2022-07-12T09:09:35","guid":{"rendered":"https:\/\/www.pharmefficare.com\/espace-pharmacien\/?post_type=product&#038;p=5141"},"modified":"2022-07-12T11:45:51","modified_gmt":"2022-07-12T09:45:51","slug":"soin-emollient-relipidant","status":"publish","type":"product","link":"https:\/\/www.pharmefficare.com\/espace-pharmacien\/produit\/soin-emollient-relipidant\/","title":{"rendered":"Soin \u00c9mollient Relipidant"},"content":{"rendered":"<ul>\n<li>Une cr\u00e8me \u00e9molliente, \u00e0 base d\u2019eau thermale du Mont Blanc, pour <strong>une peau nourrie instantan\u00e9ment<\/strong>.<\/li>\n<li>Ce soin aux agents gras relipidants apporte<strong> douceur et r\u00e9confort<\/strong> au corps et au visage.<\/li>\n<li>Sa formule, \u00e0 l\u2019eau thermale r\u00e9paratrice, associe la mauve alpine calmante \u00e0 des lipides d\u2019origine v\u00e9g\u00e9tale (beurre de karit\u00e9, squalane\u2026). <strong>S\u00e9cheresses cutan\u00e9es s\u00e9v\u00e8res, rougeurs et tiraillement diminuent.<\/strong><\/li>\n<\/ul>\n<p>Format : Flacon 400ml<\/p>\n<p>&nbsp;<\/p>\n<p><strong>Ingr\u00e9dients<\/strong> :AQUA \/ WATER ETHYLHEXYL PALMITATE BUTYROSPERMUM PARKII BUTTER \/ SHEA BUTTER GLYCERIN SQUALANE ISOPROPYL MYRISTATE BUTYLENE GLYCOL PROPANEDIOL ALCOHOL DENAT. PEG-100 STEARATE GLYCERYL STEARATE C14-22 ALCOHOLS AMMONIUM POLYACRYLOYLDIMETHYL TAURATE CARBOMER CAPRYLOYL GLYCINE CAPRYLYL GLYCOL TETRASODIUM EDTA C12-20 ALKYL GLUCOSIDE SODIUM HYDROXIDE MALVA SYLVESTRIS FLOWER EXTRACT \/ MALLOW FLOWER EXTRACT CITRIC ACID SODIUM BENZOATE POTASSIUM SORBATE<\/p>\n","protected":false},"excerpt":{"rendered":"<p>Une cr\u00e8me \u00e9molliente, \u00e0 base d\u2019eau thermale du Mont Blanc, pour une peau nourrie instantan\u00e9ment. Ce soin aux agents gras relipidants apporte douceur et r\u00e9confort au corps et au visage. Sa formule, \u00e0 l\u2019eau thermale r\u00e9paratrice, associe la mauve alpine calmante \u00e0 des lipides d\u2019origine v\u00e9g\u00e9tale (beurre de karit\u00e9, squalane\u2026). S\u00e9cheresses cutan\u00e9es s\u00e9v\u00e8res, rougeurs et &hellip;<\/p>\n<p class=\"read-more\"> <a class=\"\" href=\"https:\/\/www.pharmefficare.com\/espace-pharmacien\/produit\/soin-emollient-relipidant\/\"> <span class=\"screen-reader-text\">Soin \u00c9mollient Relipidant<\/span> Lire la suite\u00a0\u00bb<\/a><\/p>\n","protected":false},"featured_media":5151,"template":"","meta":{"site-sidebar-layout":"default","site-content-layout":"default","ast-global-header-display":"","ast-main-header-display":"","ast-hfb-above-header-display":"","ast-hfb-below-header-display":"","ast-hfb-mobile-header-display":"","site-post-title":"","ast-breadcrumbs-content":"","ast-featured-img":"","footer-sml-layout":"","theme-transparent-header-meta":"default","adv-header-id-meta":"","stick-header-meta":"","header-above-stick-meta":"","header-main-stick-meta":"","header-below-stick-meta":""},"product_cat":[170],"product_tag":[],"class_list":["post-5141","product","type-product","status-publish","has-post-thumbnail","hentry","product_cat-soin-pour-le-corps"],"_links":{"self":[{"href":"https:\/\/www.pharmefficare.com\/espace-pharmacien\/wp-json\/wp\/v2\/product\/5141","targetHints":{"allow":["GET"]}}],"collection":[{"href":"https:\/\/www.pharmefficare.com\/espace-pharmacien\/wp-json\/wp\/v2\/product"}],"about":[{"href":"https:\/\/www.pharmefficare.com\/espace-pharmacien\/wp-json\/wp\/v2\/types\/product"}],"wp:featuredmedia":[{"embeddable":true,"href":"https:\/\/www.pharmefficare.com\/espace-pharmacien\/wp-json\/wp\/v2\/media\/5151"}],"wp:attachment":[{"href":"https:\/\/www.pharmefficare.com\/espace-pharmacien\/wp-json\/wp\/v2\/media?parent=5141"}],"wp:term":[{"taxonomy":"product_cat","embeddable":true,"href":"https:\/\/www.pharmefficare.com\/espace-pharmacien\/wp-json\/wp\/v2\/product_cat?post=5141"},{"taxonomy":"product_tag","embeddable":true,"href":"https:\/\/www.pharmefficare.com\/espace-pharmacien\/wp-json\/wp\/v2\/product_tag?post=5141"}],"curies":[{"name":"wp","href":"https:\/\/api.w.org\/{rel}","templated":true}]}}