{"id":5135,"date":"2022-07-12T10:48:13","date_gmt":"2022-07-12T08:48:13","guid":{"rendered":"https:\/\/www.pharmefficare.com\/espace-pharmacien\/?post_type=product&#038;p=5135"},"modified":"2022-07-12T10:58:42","modified_gmt":"2022-07-12T08:58:42","slug":"gel-douche-surgras","status":"publish","type":"product","link":"https:\/\/www.pharmefficare.com\/espace-pharmacien\/produit\/gel-douche-surgras\/","title":{"rendered":"Gel douche Surgras"},"content":{"rendered":"<ul>\n<li>Un gel douche, \u00e0 base d\u2019eau thermale du Mont Blanc, pour <strong>une peau nette et apais\u00e9e<\/strong>.<\/li>\n<li>Ce soin nettoyant apporte <strong>douceur et plaisir<\/strong> au corps et au visage.<\/li>\n<li>Sa formule associe 82 % d\u2019eau thermale r\u00e9paratrice \u00e0 la mauve alpine apaisante. Imm\u00e9diatement hydrat\u00e9e, la peau b\u00e9n\u00e9ficie d\u2019<strong>un confort instantan\u00e9, sans tirailler<\/strong>.<\/li>\n<\/ul>\n<p>&nbsp;<\/p>\n<p><strong>Ingr\u00e9dients<\/strong> :AQUA \/ WATER GLYCERIN SODIUM LAURETH SULFATE LAURYL GLUCOSIDE CARBOMER SODIUM BENZOATE TETRASODIUM EDTA SODIUM HYDROXIDE PARFUM \/ FRAGRANCE SODIUM CITRATE MALVA SYLVESTRIS FLOWER EXTRACT \/ MALLOW FLOWER EXTRACT CITRIC ACID POTASSIUM SORBATE<\/p>\n<p class=\"single-product-format text-theme\">Format : Flacon de 400 ml<\/p>\n","protected":false},"excerpt":{"rendered":"<p>Un gel douche, \u00e0 base d\u2019eau thermale du Mont Blanc, pour une peau nette et apais\u00e9e. Ce soin nettoyant apporte douceur et plaisir au corps et au visage. Sa formule associe 82 % d\u2019eau thermale r\u00e9paratrice \u00e0 la mauve alpine apaisante. Imm\u00e9diatement hydrat\u00e9e, la peau b\u00e9n\u00e9ficie d\u2019un confort instantan\u00e9, sans tirailler. &nbsp; Ingr\u00e9dients :AQUA \/ &hellip;<\/p>\n<p class=\"read-more\"> <a class=\"\" href=\"https:\/\/www.pharmefficare.com\/espace-pharmacien\/produit\/gel-douche-surgras\/\"> <span class=\"screen-reader-text\">Gel douche Surgras<\/span> Lire la suite\u00a0\u00bb<\/a><\/p>\n","protected":false},"featured_media":5137,"template":"","meta":{"site-sidebar-layout":"default","site-content-layout":"default","ast-global-header-display":"","ast-main-header-display":"","ast-hfb-above-header-display":"","ast-hfb-below-header-display":"","ast-hfb-mobile-header-display":"","site-post-title":"","ast-breadcrumbs-content":"","ast-featured-img":"","footer-sml-layout":"","theme-transparent-header-meta":"default","adv-header-id-meta":"","stick-header-meta":"","header-above-stick-meta":"","header-main-stick-meta":"","header-below-stick-meta":""},"product_cat":[170],"product_tag":[],"class_list":["post-5135","product","type-product","status-publish","has-post-thumbnail","hentry","product_cat-soin-pour-le-corps"],"_links":{"self":[{"href":"https:\/\/www.pharmefficare.com\/espace-pharmacien\/wp-json\/wp\/v2\/product\/5135","targetHints":{"allow":["GET"]}}],"collection":[{"href":"https:\/\/www.pharmefficare.com\/espace-pharmacien\/wp-json\/wp\/v2\/product"}],"about":[{"href":"https:\/\/www.pharmefficare.com\/espace-pharmacien\/wp-json\/wp\/v2\/types\/product"}],"wp:featuredmedia":[{"embeddable":true,"href":"https:\/\/www.pharmefficare.com\/espace-pharmacien\/wp-json\/wp\/v2\/media\/5137"}],"wp:attachment":[{"href":"https:\/\/www.pharmefficare.com\/espace-pharmacien\/wp-json\/wp\/v2\/media?parent=5135"}],"wp:term":[{"taxonomy":"product_cat","embeddable":true,"href":"https:\/\/www.pharmefficare.com\/espace-pharmacien\/wp-json\/wp\/v2\/product_cat?post=5135"},{"taxonomy":"product_tag","embeddable":true,"href":"https:\/\/www.pharmefficare.com\/espace-pharmacien\/wp-json\/wp\/v2\/product_tag?post=5135"}],"curies":[{"name":"wp","href":"https:\/\/api.w.org\/{rel}","templated":true}]}}