{"id":395,"date":"2021-10-01T10:12:38","date_gmt":"2021-10-01T08:12:38","guid":{"rendered":"https:\/\/www.pharmefficare.com\/espace-pharmacien\/?post_type=product&#038;p=395"},"modified":"2021-11-23T17:18:20","modified_gmt":"2021-11-23T16:18:20","slug":"rhinolaya-spray-isotonique-100-ml","status":"publish","type":"product","link":"https:\/\/www.pharmefficare.com\/espace-pharmacien\/produit\/rhinolaya-spray-isotonique-100-ml\/","title":{"rendered":"Rhinolaya Spray Isotonique <\/br>100 ml"},"content":{"rendered":"","protected":false},"excerpt":{"rendered":"<p>&#8211; Nettoie et apaise en douceur les fosses nasales,<br \/>\n&#8211; Humidifie la muqueuse nasale dess\u00e9ch\u00e9e et encombr\u00e9e (air conditionn\u00e9, chauffage, etc.),<br \/>\n&#8211; Att\u00e9nue l\u2019irritation en cas de muqueuse nasale hypersensible (pollen, poussi\u00e8re, etc.),<br \/>\n&#8211; Dissout les mucosit\u00e9s nasales,<br \/>\n&#8211; Favorise l\u2019absorption des oligo-\u00e9l\u00e9ments.<br \/>\n&#8211; Convient aux nez fragilis\u00e9s par le froid et l\u2019humidit\u00e9.<\/p>\n","protected":false},"featured_media":397,"template":"","meta":{"site-sidebar-layout":"default","site-content-layout":"default","ast-global-header-display":"","ast-main-header-display":"","ast-hfb-above-header-display":"","ast-hfb-below-header-display":"","ast-hfb-mobile-header-display":"","site-post-title":"","ast-breadcrumbs-content":"","ast-featured-img":"","footer-sml-layout":"","theme-transparent-header-meta":"","adv-header-id-meta":"","stick-header-meta":"","header-above-stick-meta":"","header-main-stick-meta":"","header-below-stick-meta":""},"product_cat":[33],"product_tag":[],"class_list":["post-395","product","type-product","status-publish","has-post-thumbnail","hentry","product_cat-gamme-orl"],"_links":{"self":[{"href":"https:\/\/www.pharmefficare.com\/espace-pharmacien\/wp-json\/wp\/v2\/product\/395","targetHints":{"allow":["GET"]}}],"collection":[{"href":"https:\/\/www.pharmefficare.com\/espace-pharmacien\/wp-json\/wp\/v2\/product"}],"about":[{"href":"https:\/\/www.pharmefficare.com\/espace-pharmacien\/wp-json\/wp\/v2\/types\/product"}],"wp:featuredmedia":[{"embeddable":true,"href":"https:\/\/www.pharmefficare.com\/espace-pharmacien\/wp-json\/wp\/v2\/media\/397"}],"wp:attachment":[{"href":"https:\/\/www.pharmefficare.com\/espace-pharmacien\/wp-json\/wp\/v2\/media?parent=395"}],"wp:term":[{"taxonomy":"product_cat","embeddable":true,"href":"https:\/\/www.pharmefficare.com\/espace-pharmacien\/wp-json\/wp\/v2\/product_cat?post=395"},{"taxonomy":"product_tag","embeddable":true,"href":"https:\/\/www.pharmefficare.com\/espace-pharmacien\/wp-json\/wp\/v2\/product_tag?post=395"}],"curies":[{"name":"wp","href":"https:\/\/api.w.org\/{rel}","templated":true}]}}