{"id":261,"date":"2021-09-28T14:49:17","date_gmt":"2021-09-28T14:49:17","guid":{"rendered":"https:\/\/www.pharmefficare.com\/espace-pharmacien\/?post_type=product&#038;p=261"},"modified":"2021-10-22T14:32:24","modified_gmt":"2021-10-22T12:32:24","slug":"seremens-40-comprimes","status":"publish","type":"product","link":"https:\/\/www.pharmefficare.com\/espace-pharmacien\/produit\/seremens-40-comprimes\/","title":{"rendered":"Seremens 40 Comprim\u00e9s"},"content":{"rendered":"<p><strong>Propri\u00e9t\u00e9s\u00a0:<\/strong><br \/>\nDurant le cycle, le taux d\u2019hormones ovariennes varie. En cas d\u2019absence d\u2019implantation d\u2019embryon, le taux de progest\u00e9rone chute. Cette chute provoque des spasmes entra\u00eenant le ph\u00e9nom\u00e8ne de menstruation et les d\u00e9sagr\u00e9ments qui y sont li\u00e9s.<br \/>\nGr\u00e2ce \u00e0 un dosage optimal en phyto-progestag\u00e8nes apport\u00e9 par le gattilier, Seremens soulage les d\u00e9sagr\u00e9ments pr\u00e9menstruels et menstruels.<\/p>\n","protected":false},"excerpt":{"rendered":"<p>Propri\u00e9t\u00e9s\u00a0: Durant le cycle, le taux d\u2019hormones ovariennes varie. En cas d\u2019absence d\u2019implantation d\u2019embryon, le taux de progest\u00e9rone chute. Cette chute provoque des spasmes entra\u00eenant le ph\u00e9nom\u00e8ne de menstruation et les d\u00e9sagr\u00e9ments qui y sont li\u00e9s. Gr\u00e2ce \u00e0 un dosage optimal en phyto-progestag\u00e8nes apport\u00e9 par le gattilier, Seremens soulage les d\u00e9sagr\u00e9ments pr\u00e9menstruels et menstruels.<\/p>\n","protected":false},"featured_media":288,"template":"","meta":{"site-sidebar-layout":"default","site-content-layout":"default","ast-global-header-display":"","ast-main-header-display":"","ast-hfb-above-header-display":"","ast-hfb-below-header-display":"","ast-hfb-mobile-header-display":"","site-post-title":"","ast-breadcrumbs-content":"","ast-featured-img":"","footer-sml-layout":"","theme-transparent-header-meta":"","adv-header-id-meta":"","stick-header-meta":"","header-above-stick-meta":"","header-main-stick-meta":"","header-below-stick-meta":""},"product_cat":[24],"product_tag":[],"class_list":["post-261","product","type-product","status-publish","has-post-thumbnail","hentry","product_cat-gynecologie"],"_links":{"self":[{"href":"https:\/\/www.pharmefficare.com\/espace-pharmacien\/wp-json\/wp\/v2\/product\/261","targetHints":{"allow":["GET"]}}],"collection":[{"href":"https:\/\/www.pharmefficare.com\/espace-pharmacien\/wp-json\/wp\/v2\/product"}],"about":[{"href":"https:\/\/www.pharmefficare.com\/espace-pharmacien\/wp-json\/wp\/v2\/types\/product"}],"wp:featuredmedia":[{"embeddable":true,"href":"https:\/\/www.pharmefficare.com\/espace-pharmacien\/wp-json\/wp\/v2\/media\/288"}],"wp:attachment":[{"href":"https:\/\/www.pharmefficare.com\/espace-pharmacien\/wp-json\/wp\/v2\/media?parent=261"}],"wp:term":[{"taxonomy":"product_cat","embeddable":true,"href":"https:\/\/www.pharmefficare.com\/espace-pharmacien\/wp-json\/wp\/v2\/product_cat?post=261"},{"taxonomy":"product_tag","embeddable":true,"href":"https:\/\/www.pharmefficare.com\/espace-pharmacien\/wp-json\/wp\/v2\/product_tag?post=261"}],"curies":[{"name":"wp","href":"https:\/\/api.w.org\/{rel}","templated":true}]}}